{"id":45,"date":"2021-08-26T12:21:44","date_gmt":"2021-08-26T12:21:44","guid":{"rendered":"http:\/\/dummy.xtemos.com\/woodmart2\/elementor\/?page_id=45"},"modified":"2024-03-10T20:54:04","modified_gmt":"2024-03-10T17:54:04","slug":"compare","status":"publish","type":"page","link":"https:\/\/arzemteknoloji.com\/index.php\/compare\/","title":{"rendered":"Compare"},"content":{"rendered":"\t\t<p class=\"wd-empty-compare wd-empty-page\">\n\t\t\tKar\u015f\u0131la\u015ft\u0131rma listesi bo\u015f.\t\t<\/p>\n\t\t\t\t\t<div class=\"wd-empty-page-text\">\n\t\t\t\tNo products added in the compare list. You must add some products to compare them.<br> You will find a lot of interesting products on our \"Shop\" page.\t\t\t<\/div>\n\t\t\t\t<p class=\"return-to-shop\">\n\t\t\t<a class=\"button\" href=\"https:\/\/arzemteknoloji.com\/index.php\/shop\/\">\n\t\t\t\tMa\u011fazaya d\u00f6n\t\t\t<\/a>\n\t\t<\/p>\n\t\t\n","protected":false},"excerpt":{"rendered":"","protected":false},"author":1,"featured_media":0,"parent":0,"menu_order":0,"comment_status":"closed","ping_status":"closed","template":"","meta":{"footnotes":""},"yoast_head":"<!-- This site is optimized with the Yoast SEO Premium plugin v22.1 (Yoast SEO v24.1) - https:\/\/yoast.com\/wordpress\/plugins\/seo\/ -->\n<title>Compare - Arzemteknoloji<\/title>\n<meta name=\"robots\" content=\"noindex, follow, max-snippet:-1, max-image-preview:large, max-video-preview:-1\" \/>\n<meta property=\"og:locale\" content=\"tr_TR\" \/>\n<meta property=\"og:type\" content=\"article\" \/>\n<meta property=\"og:title\" content=\"Compare\" \/>\n<meta property=\"og:url\" content=\"https:\/\/arzemteknoloji.com\/index.php\/compare\/\" \/>\n<meta property=\"og:site_name\" content=\"Arzemteknoloji\" \/>\n<meta property=\"article:modified_time\" content=\"2024-03-10T17:54:04+00:00\" \/>\n<meta name=\"twitter:card\" content=\"summary_large_image\" \/>\n<script type=\"application\/ld+json\" class=\"yoast-schema-graph\">{\"@context\":\"https:\/\/schema.org\",\"@graph\":[{\"@type\":\"WebPage\",\"@id\":\"https:\/\/arzemteknoloji.com\/index.php\/compare\/\",\"url\":\"https:\/\/arzemteknoloji.com\/index.php\/compare\/\",\"name\":\"Compare - Arzemteknoloji\",\"isPartOf\":{\"@id\":\"https:\/\/arzemteknoloji.com\/#website\"},\"datePublished\":\"2021-08-26T12:21:44+00:00\",\"dateModified\":\"2024-03-10T17:54:04+00:00\",\"breadcrumb\":{\"@id\":\"https:\/\/arzemteknoloji.com\/index.php\/compare\/#breadcrumb\"},\"inLanguage\":\"tr\",\"potentialAction\":[{\"@type\":\"ReadAction\",\"target\":[\"https:\/\/arzemteknoloji.com\/index.php\/compare\/\"]}]},{\"@type\":\"BreadcrumbList\",\"@id\":\"https:\/\/arzemteknoloji.com\/index.php\/compare\/#breadcrumb\",\"itemListElement\":[{\"@type\":\"ListItem\",\"position\":1,\"name\":\"Anasayfa\",\"item\":\"https:\/\/arzemteknoloji.com\/\"},{\"@type\":\"ListItem\",\"position\":2,\"name\":\"Compare\"}]},{\"@type\":\"WebSite\",\"@id\":\"https:\/\/arzemteknoloji.com\/#website\",\"url\":\"https:\/\/arzemteknoloji.com\/\",\"name\":\"Arzemteknoloji\",\"description\":\"Teknolojideki Vazge\u00e7ilmeziniz\",\"potentialAction\":[{\"@type\":\"SearchAction\",\"target\":{\"@type\":\"EntryPoint\",\"urlTemplate\":\"https:\/\/arzemteknoloji.com\/?s={search_term_string}\"},\"query-input\":{\"@type\":\"PropertyValueSpecification\",\"valueRequired\":true,\"valueName\":\"search_term_string\"}}],\"inLanguage\":\"tr\"}]}<\/script>\n<!-- \/ Yoast SEO Premium plugin. -->","yoast_head_json":{"title":"Compare - Arzemteknoloji","robots":{"index":"noindex","follow":"follow","max-snippet":"max-snippet:-1","max-image-preview":"max-image-preview:large","max-video-preview":"max-video-preview:-1"},"og_locale":"tr_TR","og_type":"article","og_title":"Compare","og_url":"https:\/\/arzemteknoloji.com\/index.php\/compare\/","og_site_name":"Arzemteknoloji","article_modified_time":"2024-03-10T17:54:04+00:00","twitter_card":"summary_large_image","schema":{"@context":"https:\/\/schema.org","@graph":[{"@type":"WebPage","@id":"https:\/\/arzemteknoloji.com\/index.php\/compare\/","url":"https:\/\/arzemteknoloji.com\/index.php\/compare\/","name":"Compare - Arzemteknoloji","isPartOf":{"@id":"https:\/\/arzemteknoloji.com\/#website"},"datePublished":"2021-08-26T12:21:44+00:00","dateModified":"2024-03-10T17:54:04+00:00","breadcrumb":{"@id":"https:\/\/arzemteknoloji.com\/index.php\/compare\/#breadcrumb"},"inLanguage":"tr","potentialAction":[{"@type":"ReadAction","target":["https:\/\/arzemteknoloji.com\/index.php\/compare\/"]}]},{"@type":"BreadcrumbList","@id":"https:\/\/arzemteknoloji.com\/index.php\/compare\/#breadcrumb","itemListElement":[{"@type":"ListItem","position":1,"name":"Anasayfa","item":"https:\/\/arzemteknoloji.com\/"},{"@type":"ListItem","position":2,"name":"Compare"}]},{"@type":"WebSite","@id":"https:\/\/arzemteknoloji.com\/#website","url":"https:\/\/arzemteknoloji.com\/","name":"Arzemteknoloji","description":"Teknolojideki Vazge\u00e7ilmeziniz","potentialAction":[{"@type":"SearchAction","target":{"@type":"EntryPoint","urlTemplate":"https:\/\/arzemteknoloji.com\/?s={search_term_string}"},"query-input":{"@type":"PropertyValueSpecification","valueRequired":true,"valueName":"search_term_string"}}],"inLanguage":"tr"}]}},"jetpack_sharing_enabled":true,"_links":{"self":[{"href":"https:\/\/arzemteknoloji.com\/index.php\/wp-json\/wp\/v2\/pages\/45"}],"collection":[{"href":"https:\/\/arzemteknoloji.com\/index.php\/wp-json\/wp\/v2\/pages"}],"about":[{"href":"https:\/\/arzemteknoloji.com\/index.php\/wp-json\/wp\/v2\/types\/page"}],"author":[{"embeddable":true,"href":"https:\/\/arzemteknoloji.com\/index.php\/wp-json\/wp\/v2\/users\/1"}],"replies":[{"embeddable":true,"href":"https:\/\/arzemteknoloji.com\/index.php\/wp-json\/wp\/v2\/comments?post=45"}],"version-history":[{"count":1,"href":"https:\/\/arzemteknoloji.com\/index.php\/wp-json\/wp\/v2\/pages\/45\/revisions"}],"predecessor-version":[{"id":15576,"href":"https:\/\/arzemteknoloji.com\/index.php\/wp-json\/wp\/v2\/pages\/45\/revisions\/15576"}],"wp:attachment":[{"href":"https:\/\/arzemteknoloji.com\/index.php\/wp-json\/wp\/v2\/media?parent=45"}],"curies":[{"name":"wp","href":"https:\/\/api.w.org\/{rel}","templated":true}]}}