{"id":232,"date":"2024-05-26T14:39:51","date_gmt":"2024-05-26T11:39:51","guid":{"rendered":"http:\/\/dummy.xtemos.com\/woodmart2\/elementor\/?post_type=product&#038;p=232"},"modified":"2024-05-17T17:38:21","modified_gmt":"2024-05-17T14:38:21","slug":"lenovo-21fc000ntx-thinkpad-p16v-i7-13700h-32gb-512gb-ssd-6gb-rtxa1000-16-w11pro-mobil-is-istasyonu","status":"publish","type":"product","link":"https:\/\/arzemteknoloji.com\/index.php\/urun\/lenovo-21fc000ntx-thinkpad-p16v-i7-13700h-32gb-512gb-ssd-6gb-rtxa1000-16-w11pro-mobil-is-istasyonu\/","title":{"rendered":"LENOVO 21FC000NTX ThinkPad P16v i7-13700H 32GB 512GB SSD 6gb RTXA1000 16&#8243; W11Pro Mobil \u0130\u015f \u0130stasyonu"},"content":{"rendered":"\t\t<div data-elementor-type=\"wp-post\" data-elementor-id=\"232\" class=\"elementor elementor-232\" data-elementor-post-type=\"product\">\n\t\t\t\t<div class=\"elementor-element elementor-element-915b705 wd-section-stretch e-flex e-con-boxed e-con e-parent\" data-id=\"915b705\" data-element_type=\"container\" data-settings=\"{&quot;background_background&quot;:&quot;classic&quot;}\">\n\t\t\t\t\t<div class=\"e-con-inner\">\n\t\t<div class=\"elementor-element elementor-element-964d270 text-center e-con-full e-flex e-con e-child\" data-id=\"964d270\" data-element_type=\"container\">\n\t\t\t\t<div class=\"elementor-element elementor-element-bfc2e17 wd-width-100 elementor-widget elementor-widget-wd_title\" data-id=\"bfc2e17\" data-element_type=\"widget\" data-widget_type=\"wd_title.default\">\n\t\t\t\t<div class=\"elementor-widget-container\">\n\t\t\t\t\t\t\t<div class=\"title-wrapper set-mb-s reset-last-child wd-title-color-default wd-title-style-default wd-title-size-extra-large text-center\">\n\n\t\t\t\n\t\t\t<div class=\"liner-continer\">\n\t\t\t\t<h4 class=\"woodmart-title-container title wd-fontsize-xxxl\"><\/h4> \n\t\t\t\t\t\t\t<\/div>\n\n\t\t\t\t\t\t\t<div class=\"title-after_title set-cont-mb-s reset-last-child wd-fontsize-s\">\n\t\t\t\t\t<p><span>\u0130\u015flemci<\/span><\/p><p>\u2022 Intel Core i7-13700H (14C \/ 20T, 1.8 \/ 5.0GHz, 24MB \u00d6nbellek)<\/p><p>\u0130\u015fletim Sistemi<\/p><p>\u2022 Windows 11 Pro<\/p><p>Grafikler<\/p><p>\u2022 NVIDIA RTX A1000 (6 GB GDDR6)<\/p><p>Bellek<\/p><p>\u2022 32 GB DDR5<\/p><p>Batarya<\/p><p>\u2022 Dahili 90WHr<\/p><p>Ekran<\/p><p>\u2022 16\" WUXGA (1920x1200) IPS, 300nits Parlakl\u0131k, Parlama \u00d6nleyici, %45 NTSC, 60Hz<\/p><p>Depolama<\/p><p>\u2022 1 TB SSD<\/p><p>Ses<\/p><p>\u2022 Dolby Audio Premium \u00f6zellikli (2x 2W) Stereo hoparl\u00f6rler<\/p><p>Kamera<\/p><p>\u2022 Gizlilik Deklan\u015f\u00f6r\u00fc destekli, Windows Hello ve Ultrasonik \u0130nsan Varl\u0131\u011f\u0131 Alg\u0131lama \u00f6zellikli 5.0MP IR<\/p><p>G\u00fcvenlik<\/p><p>\u2022 TPM 2.0 (G\u00fcvenilir Platform Mod\u00fcl\u00fc)<\/p><p>\u2022 Kensigton Nano G\u00fcvenlik Yuvas\u0131<\/p><p>\u2022 Kamera Gizlilik Deklan\u015f\u00f6r\u00fc<\/p><p>&nbsp;<\/p>&nbsp;\t\t\t\t<\/div>\n\t\t\t\t\t<\/div>\n\t\t\t\t\t\t<\/div>\n\t\t\t\t<\/div>\n\t\t\t\t<\/div>\n\t\t<div class=\"elementor-element elementor-element-65aafee text-center e-con-full e-flex e-con e-child\" data-id=\"65aafee\" data-element_type=\"container\">\n\t\t\t\t<div class=\"elementor-element elementor-element-ab410e4 wd-width-100 elementor-widget elementor-widget-wd_title\" data-id=\"ab410e4\" data-element_type=\"widget\" data-widget_type=\"wd_title.default\">\n\t\t\t\t<div class=\"elementor-widget-container\">\n\t\t\t\t\t\t\t<div class=\"title-wrapper set-mb-s reset-last-child wd-title-color-default wd-title-style-default wd-title-size-extra-large text-center\">\n\n\t\t\t\n\t\t\t<div class=\"liner-continer\">\n\t\t\t\t<h4 class=\"woodmart-title-container title wd-fontsize-xxxl\"><\/h4> \n\t\t\t\t\t\t\t<\/div>\n\n\t\t\t\t\t\t\t<div class=\"title-after_title set-cont-mb-s reset-last-child wd-fontsize-s\">\n\t\t\t\t\t<p>Boyutlar (G x D x Y)<\/p><p>\u2022 365 x 262 x 24.66 mm (14.37 x 10.31 x 0.97 in\u00e7)<\/p><p>A\u011f\u0131rl\u0131k<\/p><p>\u2022 2.2 kg (4.85 lbs)<\/p><p>Renk<\/p><p>\u2022 G\u00f6k G\u00fcr\u00fclt\u00fcs\u00fc Grisi<\/p><p>Ba\u011flant\u0131<\/p><p>\u2022 Intel AX211 Wi-Fi 6E (802.11ax), 2x2 + BT5.3<\/p><p>Ba\u011flant\u0131 Noktalar\u0131<\/p><p>\u2022 2x USB 3.2 Nesil 1 (Biri Her Zaman A\u00e7\u0131k)<\/p><p>\u2022 2x USB4-C Thunderbolt 4 (G\u00fc\u00e7 Payla\u015f\u0131m\u0131 3.0 ve DisplayPort 1.4 desteklemektedir.)<\/p><p>\u2022 1x HDMI 2.1<\/p><p>\u2022 1x SD Express 7.0 kart okuyucu<\/p><p>\u2022 1x Nano SIM Kart Yuvas\u0131<\/p><p>\u2022 1x Kulakl\u0131k \/ mikrofon kombo jak\u0131 (3.5 mm)<\/p><p>Klavye<\/p><p>\u2022 Arkadan Ayd\u0131nlatmal\u0131, Q T\u00fcrk\u00e7e<\/p><p>G\u00fc\u00e7 Kayna\u011f\u0131<\/p><p>\u2022 170W \u0130nce U\u00e7lu (3 pimli)<\/p>\t\t\t\t<\/div>\n\t\t\t\t\t<\/div>\n\t\t\t\t\t\t<\/div>\n\t\t\t\t<\/div>\n\t\t\t\t<\/div>\n\t\t\t\t\t<\/div>\n\t\t\t\t<\/div>\n\t\t\t\t<\/div>\n\t\t","protected":false},"excerpt":{"rendered":"<p>Scelerisque facilisi rhoncus non faucibus parturient senectus lobortis a ullamcorper vestibulum mi nibh ultricies a parturient gravida a vestibulum leo sem in. Est cum torquent mi in scelerisque leo aptent per at vitae ante eleifend mollis adipiscing.<\/p>\n","protected":false},"featured_media":24047,"comment_status":"open","ping_status":"closed","template":"","meta":[],"product_cat":[90,32],"product_tag":[187,181,184,113,107,188,183,186,185,182],"yoast_head":"<!-- This site is optimized with the Yoast SEO Premium plugin v22.1 (Yoast SEO v24.1) - https:\/\/yoast.com\/wordpress\/plugins\/seo\/ -->\n<title>LENOVO 21FC000NTX ThinkPad P16v i7-13700H 32GB 512GB SSD 6gb RTXA1000 16&quot; W11Pro Mobil \u0130\u015f \u0130stasyonu - Arzemteknoloji<\/title>\n<meta name=\"robots\" content=\"noindex, follow, max-snippet:-1, max-image-preview:large, max-video-preview:-1\" \/>\n<meta property=\"og:locale\" content=\"tr_TR\" \/>\n<meta property=\"og:type\" content=\"article\" \/>\n<meta property=\"og:title\" content=\"LENOVO 21FC000NTX ThinkPad P16v i7-13700H 32GB 512GB SSD 6gb RTXA1000 16&quot; W11Pro Mobil \u0130\u015f \u0130stasyonu\" \/>\n<meta property=\"og:description\" content=\"Scelerisque facilisi rhoncus non faucibus parturient senectus lobortis a ullamcorper vestibulum mi nibh ultricies a parturient gravida a vestibulum leo sem in. Est cum torquent mi in scelerisque leo aptent per at vitae ante eleifend mollis adipiscing.\" \/>\n<meta property=\"og:url\" content=\"https:\/\/arzemteknoloji.com\/index.php\/urun\/lenovo-21fc000ntx-thinkpad-p16v-i7-13700h-32gb-512gb-ssd-6gb-rtxa1000-16-w11pro-mobil-is-istasyonu\/\" \/>\n<meta property=\"og:site_name\" content=\"Arzemteknoloji\" \/>\n<meta property=\"article:modified_time\" content=\"2024-05-17T14:38:21+00:00\" \/>\n<meta property=\"og:image\" content=\"https:\/\/arzemteknoloji.com\/wp-content\/uploads\/2024\/05\/5442e9a0-a5a4-4c82-b6fa-0d9ca1b01c17-1.jpeg\" \/>\n\t<meta property=\"og:image:width\" content=\"766\" \/>\n\t<meta property=\"og:image:height\" content=\"557\" \/>\n\t<meta property=\"og:image:type\" content=\"image\/jpeg\" \/>\n<meta name=\"twitter:card\" content=\"summary_large_image\" \/>\n<meta name=\"twitter:label1\" content=\"Tahmini okuma s\u00fcresi\" \/>\n\t<meta name=\"twitter:data1\" content=\"2 dakika\" \/>\n<script type=\"application\/ld+json\" class=\"yoast-schema-graph\">{\"@context\":\"https:\/\/schema.org\",\"@graph\":[{\"@type\":\"WebPage\",\"@id\":\"https:\/\/arzemteknoloji.com\/index.php\/urun\/lenovo-21fc000ntx-thinkpad-p16v-i7-13700h-32gb-512gb-ssd-6gb-rtxa1000-16-w11pro-mobil-is-istasyonu\/\",\"url\":\"https:\/\/arzemteknoloji.com\/index.php\/urun\/lenovo-21fc000ntx-thinkpad-p16v-i7-13700h-32gb-512gb-ssd-6gb-rtxa1000-16-w11pro-mobil-is-istasyonu\/\",\"name\":\"LENOVO 21FC000NTX ThinkPad P16v i7-13700H 32GB 512GB SSD 6gb RTXA1000 16\\\" W11Pro Mobil \u0130\u015f \u0130stasyonu - Arzemteknoloji\",\"isPartOf\":{\"@id\":\"https:\/\/arzemteknoloji.com\/#website\"},\"primaryImageOfPage\":{\"@id\":\"https:\/\/arzemteknoloji.com\/index.php\/urun\/lenovo-21fc000ntx-thinkpad-p16v-i7-13700h-32gb-512gb-ssd-6gb-rtxa1000-16-w11pro-mobil-is-istasyonu\/#primaryimage\"},\"image\":{\"@id\":\"https:\/\/arzemteknoloji.com\/index.php\/urun\/lenovo-21fc000ntx-thinkpad-p16v-i7-13700h-32gb-512gb-ssd-6gb-rtxa1000-16-w11pro-mobil-is-istasyonu\/#primaryimage\"},\"thumbnailUrl\":\"https:\/\/arzemteknoloji.com\/wp-content\/uploads\/2024\/05\/5442e9a0-a5a4-4c82-b6fa-0d9ca1b01c17-1.jpeg\",\"datePublished\":\"2024-05-26T11:39:51+00:00\",\"dateModified\":\"2024-05-17T14:38:21+00:00\",\"breadcrumb\":{\"@id\":\"https:\/\/arzemteknoloji.com\/index.php\/urun\/lenovo-21fc000ntx-thinkpad-p16v-i7-13700h-32gb-512gb-ssd-6gb-rtxa1000-16-w11pro-mobil-is-istasyonu\/#breadcrumb\"},\"inLanguage\":\"tr\",\"potentialAction\":[{\"@type\":\"ReadAction\",\"target\":[\"https:\/\/arzemteknoloji.com\/index.php\/urun\/lenovo-21fc000ntx-thinkpad-p16v-i7-13700h-32gb-512gb-ssd-6gb-rtxa1000-16-w11pro-mobil-is-istasyonu\/\"]}]},{\"@type\":\"ImageObject\",\"inLanguage\":\"tr\",\"@id\":\"https:\/\/arzemteknoloji.com\/index.php\/urun\/lenovo-21fc000ntx-thinkpad-p16v-i7-13700h-32gb-512gb-ssd-6gb-rtxa1000-16-w11pro-mobil-is-istasyonu\/#primaryimage\",\"url\":\"https:\/\/arzemteknoloji.com\/wp-content\/uploads\/2024\/05\/5442e9a0-a5a4-4c82-b6fa-0d9ca1b01c17-1.jpeg\",\"contentUrl\":\"https:\/\/arzemteknoloji.com\/wp-content\/uploads\/2024\/05\/5442e9a0-a5a4-4c82-b6fa-0d9ca1b01c17-1.jpeg\",\"width\":766,\"height\":557},{\"@type\":\"BreadcrumbList\",\"@id\":\"https:\/\/arzemteknoloji.com\/index.php\/urun\/lenovo-21fc000ntx-thinkpad-p16v-i7-13700h-32gb-512gb-ssd-6gb-rtxa1000-16-w11pro-mobil-is-istasyonu\/#breadcrumb\",\"itemListElement\":[{\"@type\":\"ListItem\",\"position\":1,\"name\":\"Anasayfa\",\"item\":\"https:\/\/arzemteknoloji.com\/\"},{\"@type\":\"ListItem\",\"position\":2,\"name\":\"Shop\",\"item\":\"https:\/\/arzemteknoloji.com\/index.php\/shop\/\"},{\"@type\":\"ListItem\",\"position\":3,\"name\":\"LENOVO 21FC000NTX ThinkPad P16v i7-13700H 32GB 512GB SSD 6gb RTXA1000 16&#8243; W11Pro Mobil \u0130\u015f \u0130stasyonu\"}]},{\"@type\":\"WebSite\",\"@id\":\"https:\/\/arzemteknoloji.com\/#website\",\"url\":\"https:\/\/arzemteknoloji.com\/\",\"name\":\"Arzemteknoloji\",\"description\":\"Teknolojideki Vazge\u00e7ilmeziniz\",\"potentialAction\":[{\"@type\":\"SearchAction\",\"target\":{\"@type\":\"EntryPoint\",\"urlTemplate\":\"https:\/\/arzemteknoloji.com\/?s={search_term_string}\"},\"query-input\":{\"@type\":\"PropertyValueSpecification\",\"valueRequired\":true,\"valueName\":\"search_term_string\"}}],\"inLanguage\":\"tr\"}]}<\/script>\n<!-- \/ Yoast SEO Premium plugin. -->","yoast_head_json":{"title":"LENOVO 21FC000NTX ThinkPad P16v i7-13700H 32GB 512GB SSD 6gb RTXA1000 16\" W11Pro Mobil \u0130\u015f \u0130stasyonu - Arzemteknoloji","robots":{"index":"noindex","follow":"follow","max-snippet":"max-snippet:-1","max-image-preview":"max-image-preview:large","max-video-preview":"max-video-preview:-1"},"og_locale":"tr_TR","og_type":"article","og_title":"LENOVO 21FC000NTX ThinkPad P16v i7-13700H 32GB 512GB SSD 6gb RTXA1000 16\" W11Pro Mobil \u0130\u015f \u0130stasyonu","og_description":"Scelerisque facilisi rhoncus non faucibus parturient senectus lobortis a ullamcorper vestibulum mi nibh ultricies a parturient gravida a vestibulum leo sem in. Est cum torquent mi in scelerisque leo aptent per at vitae ante eleifend mollis adipiscing.","og_url":"https:\/\/arzemteknoloji.com\/index.php\/urun\/lenovo-21fc000ntx-thinkpad-p16v-i7-13700h-32gb-512gb-ssd-6gb-rtxa1000-16-w11pro-mobil-is-istasyonu\/","og_site_name":"Arzemteknoloji","article_modified_time":"2024-05-17T14:38:21+00:00","og_image":[{"width":766,"height":557,"url":"https:\/\/arzemteknoloji.com\/wp-content\/uploads\/2024\/05\/5442e9a0-a5a4-4c82-b6fa-0d9ca1b01c17-1.jpeg","type":"image\/jpeg"}],"twitter_card":"summary_large_image","twitter_misc":{"Tahmini okuma s\u00fcresi":"2 dakika"},"schema":{"@context":"https:\/\/schema.org","@graph":[{"@type":"WebPage","@id":"https:\/\/arzemteknoloji.com\/index.php\/urun\/lenovo-21fc000ntx-thinkpad-p16v-i7-13700h-32gb-512gb-ssd-6gb-rtxa1000-16-w11pro-mobil-is-istasyonu\/","url":"https:\/\/arzemteknoloji.com\/index.php\/urun\/lenovo-21fc000ntx-thinkpad-p16v-i7-13700h-32gb-512gb-ssd-6gb-rtxa1000-16-w11pro-mobil-is-istasyonu\/","name":"LENOVO 21FC000NTX ThinkPad P16v i7-13700H 32GB 512GB SSD 6gb RTXA1000 16\" W11Pro Mobil \u0130\u015f \u0130stasyonu - Arzemteknoloji","isPartOf":{"@id":"https:\/\/arzemteknoloji.com\/#website"},"primaryImageOfPage":{"@id":"https:\/\/arzemteknoloji.com\/index.php\/urun\/lenovo-21fc000ntx-thinkpad-p16v-i7-13700h-32gb-512gb-ssd-6gb-rtxa1000-16-w11pro-mobil-is-istasyonu\/#primaryimage"},"image":{"@id":"https:\/\/arzemteknoloji.com\/index.php\/urun\/lenovo-21fc000ntx-thinkpad-p16v-i7-13700h-32gb-512gb-ssd-6gb-rtxa1000-16-w11pro-mobil-is-istasyonu\/#primaryimage"},"thumbnailUrl":"https:\/\/arzemteknoloji.com\/wp-content\/uploads\/2024\/05\/5442e9a0-a5a4-4c82-b6fa-0d9ca1b01c17-1.jpeg","datePublished":"2024-05-26T11:39:51+00:00","dateModified":"2024-05-17T14:38:21+00:00","breadcrumb":{"@id":"https:\/\/arzemteknoloji.com\/index.php\/urun\/lenovo-21fc000ntx-thinkpad-p16v-i7-13700h-32gb-512gb-ssd-6gb-rtxa1000-16-w11pro-mobil-is-istasyonu\/#breadcrumb"},"inLanguage":"tr","potentialAction":[{"@type":"ReadAction","target":["https:\/\/arzemteknoloji.com\/index.php\/urun\/lenovo-21fc000ntx-thinkpad-p16v-i7-13700h-32gb-512gb-ssd-6gb-rtxa1000-16-w11pro-mobil-is-istasyonu\/"]}]},{"@type":"ImageObject","inLanguage":"tr","@id":"https:\/\/arzemteknoloji.com\/index.php\/urun\/lenovo-21fc000ntx-thinkpad-p16v-i7-13700h-32gb-512gb-ssd-6gb-rtxa1000-16-w11pro-mobil-is-istasyonu\/#primaryimage","url":"https:\/\/arzemteknoloji.com\/wp-content\/uploads\/2024\/05\/5442e9a0-a5a4-4c82-b6fa-0d9ca1b01c17-1.jpeg","contentUrl":"https:\/\/arzemteknoloji.com\/wp-content\/uploads\/2024\/05\/5442e9a0-a5a4-4c82-b6fa-0d9ca1b01c17-1.jpeg","width":766,"height":557},{"@type":"BreadcrumbList","@id":"https:\/\/arzemteknoloji.com\/index.php\/urun\/lenovo-21fc000ntx-thinkpad-p16v-i7-13700h-32gb-512gb-ssd-6gb-rtxa1000-16-w11pro-mobil-is-istasyonu\/#breadcrumb","itemListElement":[{"@type":"ListItem","position":1,"name":"Anasayfa","item":"https:\/\/arzemteknoloji.com\/"},{"@type":"ListItem","position":2,"name":"Shop","item":"https:\/\/arzemteknoloji.com\/index.php\/shop\/"},{"@type":"ListItem","position":3,"name":"LENOVO 21FC000NTX ThinkPad P16v i7-13700H 32GB 512GB SSD 6gb RTXA1000 16&#8243; W11Pro Mobil \u0130\u015f \u0130stasyonu"}]},{"@type":"WebSite","@id":"https:\/\/arzemteknoloji.com\/#website","url":"https:\/\/arzemteknoloji.com\/","name":"Arzemteknoloji","description":"Teknolojideki Vazge\u00e7ilmeziniz","potentialAction":[{"@type":"SearchAction","target":{"@type":"EntryPoint","urlTemplate":"https:\/\/arzemteknoloji.com\/?s={search_term_string}"},"query-input":{"@type":"PropertyValueSpecification","valueRequired":true,"valueName":"search_term_string"}}],"inLanguage":"tr"}]}},"jetpack_sharing_enabled":true,"_links":{"self":[{"href":"https:\/\/arzemteknoloji.com\/index.php\/wp-json\/wp\/v2\/product\/232"}],"collection":[{"href":"https:\/\/arzemteknoloji.com\/index.php\/wp-json\/wp\/v2\/product"}],"about":[{"href":"https:\/\/arzemteknoloji.com\/index.php\/wp-json\/wp\/v2\/types\/product"}],"replies":[{"embeddable":true,"href":"https:\/\/arzemteknoloji.com\/index.php\/wp-json\/wp\/v2\/comments?post=232"}],"version-history":[{"count":11,"href":"https:\/\/arzemteknoloji.com\/index.php\/wp-json\/wp\/v2\/product\/232\/revisions"}],"predecessor-version":[{"id":24057,"href":"https:\/\/arzemteknoloji.com\/index.php\/wp-json\/wp\/v2\/product\/232\/revisions\/24057"}],"wp:featuredmedia":[{"embeddable":true,"href":"https:\/\/arzemteknoloji.com\/index.php\/wp-json\/wp\/v2\/media\/24047"}],"wp:attachment":[{"href":"https:\/\/arzemteknoloji.com\/index.php\/wp-json\/wp\/v2\/media?parent=232"}],"wp:term":[{"taxonomy":"product_cat","embeddable":true,"href":"https:\/\/arzemteknoloji.com\/index.php\/wp-json\/wp\/v2\/product_cat?post=232"},{"taxonomy":"product_tag","embeddable":true,"href":"https:\/\/arzemteknoloji.com\/index.php\/wp-json\/wp\/v2\/product_tag?post=232"}],"curies":[{"name":"wp","href":"https:\/\/api.w.org\/{rel}","templated":true}]}}