{"id":270,"date":"2021-08-26T14:54:11","date_gmt":"2021-08-26T14:54:11","guid":{"rendered":"http:\/\/dummy.xtemos.com\/woodmart2\/elementor\/?post_type=product&#038;p=270"},"modified":"2025-11-13T13:10:57","modified_gmt":"2025-11-13T10:10:57","slug":"viewsonic-pa503s-xga-800x600-3800-al-dlp-projeksiyon","status":"publish","type":"product","link":"https:\/\/arzemteknoloji.com\/index.php\/urun\/viewsonic-pa503s-xga-800x600-3800-al-dlp-projeksiyon\/","title":{"rendered":"VIEWSONIC PA503S XGA 800&#215;600 3800 AL DLP Projeksiyon"},"content":{"rendered":"\t\t<div data-elementor-type=\"wp-post\" data-elementor-id=\"270\" class=\"elementor elementor-270\" data-elementor-post-type=\"product\">\n\t\t\t\t<div class=\"elementor-element elementor-element-f6ae5c4 wd-section-stretch e-flex e-con-boxed e-con e-parent\" data-id=\"f6ae5c4\" data-element_type=\"container\" data-settings=\"{&quot;background_background&quot;:&quot;classic&quot;}\">\n\t\t\t\t\t<div class=\"e-con-inner\">\n\t\t<div class=\"elementor-element elementor-element-2862197 e-con-full e-flex e-con e-child\" data-id=\"2862197\" data-element_type=\"container\">\n\t\t\t\t<div class=\"elementor-element elementor-element-9d6b682 elementor-widget elementor-widget-wd_text_block\" data-id=\"9d6b682\" data-element_type=\"widget\" data-widget_type=\"wd_text_block.default\">\n\t\t\t\t<div class=\"elementor-widget-container\">\n\t\t\t\t\t\t\t<div class=\"wd-text-block reset-last-child text-left\">\n\t\t\t\n\t\t\t<table class=\"table table-hover table-striped \"><tbody><tr><th class=\"px-4 px-xl-5 border-top-0\" data-sider-select-id=\"a0265c13-0b1b-4d61-ba70-f72986ad40f6\">A\u00e7\u0131klama<\/th><td class=\"border-top-0\">DLP Projeksiyon<\/td><\/tr><tr><th class=\"px-4 px-xl-5 border-top-0\">\u00c7\u00f6z\u00fcn\u00fcrl\u00fck<\/th><td class=\"border-top-0\">800x600<\/td><\/tr><tr><th class=\"px-4 px-xl-5 border-top-0\">I\u015f\u0131k G\u00fcc\u00fc<\/th><td class=\"border-top-0\">3800 AL<\/td><\/tr><tr><th class=\"px-4 px-xl-5 border-top-0\">Kontrast<\/th><td class=\"border-top-0\">22000:1<\/td><\/tr><tr><th class=\"px-4 px-xl-5 border-top-0\">Marka<\/th><td class=\"border-top-0\">VIEWSONIC<\/td><\/tr><tr><th class=\"px-4 px-xl-5 border-top-0\">Model<\/th><td class=\"border-top-0\">XGA<\/td><\/tr><tr><th class=\"px-4 px-xl-5 border-top-0\">Portlar<\/th><td class=\"border-top-0\">VGAX2 HDMI SVIDEO<\/td><\/tr><tr><th class=\"px-4 px-xl-5 border-top-0\">\u00dcr\u00fcn Kodu<\/th><td class=\"border-top-0\">PA503S<\/td><\/tr><\/tbody><\/table>\n\t\t\t\t\t<\/div>\n\t\t\t\t\t\t<\/div>\n\t\t\t\t<\/div>\n\t\t\t\t<\/div>\n\t\t<div class=\"elementor-element elementor-element-b564b11 e-con-full e-flex e-con e-child\" data-id=\"b564b11\" data-element_type=\"container\">\n\t\t\t\t<div class=\"elementor-element elementor-element-a43f266 elementor-widget elementor-widget-wd_image_or_svg\" data-id=\"a43f266\" data-element_type=\"widget\" data-widget_type=\"wd_image_or_svg.default\">\n\t\t\t\t<div class=\"elementor-widget-container\">\n\t\t\t\t\t\n\t\t<div class=\"wd-image text-left\">\n\t\t\t\t\t\t\t\t<img fetchpriority=\"high\" decoding=\"async\" width=\"650\" height=\"650\" src=\"https:\/\/arzemteknoloji.com\/wp-content\/uploads\/2021\/08\/CP110VSC0043_39371.png\" class=\"attachment-full size-full\" alt=\"\" srcset=\"https:\/\/arzemteknoloji.com\/wp-content\/uploads\/2021\/08\/CP110VSC0043_39371.png 650w, https:\/\/arzemteknoloji.com\/wp-content\/uploads\/2021\/08\/CP110VSC0043_39371-300x300.png 300w, https:\/\/arzemteknoloji.com\/wp-content\/uploads\/2021\/08\/CP110VSC0043_39371-150x150.png 150w, https:\/\/arzemteknoloji.com\/wp-content\/uploads\/2021\/08\/CP110VSC0043_39371-430x430.png 430w\" sizes=\"(max-width: 650px) 100vw, 650px\" \/>\t\t\t\t\t<\/div>\n\n\t\t\t\t\t\t<\/div>\n\t\t\t\t<\/div>\n\t\t\t\t<\/div>\n\t\t<div class=\"elementor-element elementor-element-5b7fe5a e-con-full e-flex e-con e-child\" data-id=\"5b7fe5a\" data-element_type=\"container\">\n\t\t\t\t<div class=\"elementor-element elementor-element-7b098b7 elementor-widget elementor-widget-wd_image_or_svg\" data-id=\"7b098b7\" data-element_type=\"widget\" data-widget_type=\"wd_image_or_svg.default\">\n\t\t\t\t<div class=\"elementor-widget-container\">\n\t\t\t\t\t\n\t\t<div class=\"wd-image text-left\">\n\t\t\t\t\t\t\t\t<img decoding=\"async\" width=\"650\" height=\"650\" src=\"https:\/\/arzemteknoloji.com\/wp-content\/uploads\/2021\/08\/CP110VSC0043_39370.png\" class=\"attachment-full size-full\" alt=\"\" srcset=\"https:\/\/arzemteknoloji.com\/wp-content\/uploads\/2021\/08\/CP110VSC0043_39370.png 650w, https:\/\/arzemteknoloji.com\/wp-content\/uploads\/2021\/08\/CP110VSC0043_39370-300x300.png 300w, https:\/\/arzemteknoloji.com\/wp-content\/uploads\/2021\/08\/CP110VSC0043_39370-150x150.png 150w, https:\/\/arzemteknoloji.com\/wp-content\/uploads\/2021\/08\/CP110VSC0043_39370-430x430.png 430w\" sizes=\"(max-width: 650px) 100vw, 650px\" \/>\t\t\t\t\t<\/div>\n\n\t\t\t\t\t\t<\/div>\n\t\t\t\t<\/div>\n\t\t\t\t<\/div>\n\t\t\t\t\t<\/div>\n\t\t\t\t<\/div>\n\t\t\t\t<\/div>\n\t\t","protected":false},"excerpt":{"rendered":"<p>KUTU \u0130\u00c7ER\u0130\u011e\u0130 : G\u00fc\u00e7 Kablosu: 1 VGA Kablosu: 1 Uzaktan Kumanda: 1 H\u0131zl\u0131 Ba\u015flang\u0131\u00e7 K\u0131lavuzu ve CD: QSG: 1 \/ CD: Yok Hava Filtresi: RSPL<\/p>\n","protected":false},"featured_media":24034,"comment_status":"open","ping_status":"closed","template":"","meta":[],"product_cat":[32],"product_tag":[178,177,179,175,180,174,176],"yoast_head":"<!-- This site is optimized with the Yoast SEO Premium plugin v22.1 (Yoast SEO v24.1) - https:\/\/yoast.com\/wordpress\/plugins\/seo\/ -->\n<title>VIEWSONIC PA503S XGA 800x600 3800 AL DLP Projeksiyon - Arzemteknoloji<\/title>\n<meta name=\"robots\" content=\"noindex, follow, max-snippet:-1, max-image-preview:large, max-video-preview:-1\" \/>\n<meta property=\"og:locale\" content=\"tr_TR\" \/>\n<meta property=\"og:type\" content=\"article\" \/>\n<meta property=\"og:title\" content=\"VIEWSONIC PA503S XGA 800x600 3800 AL DLP Projeksiyon\" \/>\n<meta property=\"og:description\" content=\"KUTU \u0130\u00c7ER\u0130\u011e\u0130 : G\u00fc\u00e7 Kablosu: 1 VGA Kablosu: 1 Uzaktan Kumanda: 1 H\u0131zl\u0131 Ba\u015flang\u0131\u00e7 K\u0131lavuzu ve CD: QSG: 1 \/ CD: Yok Hava Filtresi: RSPL\" \/>\n<meta property=\"og:url\" content=\"https:\/\/arzemteknoloji.com\/index.php\/urun\/viewsonic-pa503s-xga-800x600-3800-al-dlp-projeksiyon\/\" \/>\n<meta property=\"og:site_name\" content=\"Arzemteknoloji\" \/>\n<meta property=\"article:modified_time\" content=\"2025-11-13T10:10:57+00:00\" \/>\n<meta property=\"og:image\" content=\"https:\/\/arzemteknoloji.com\/wp-content\/uploads\/2021\/08\/23592_PA503S_1.jpg\" \/>\n\t<meta property=\"og:image:width\" content=\"500\" \/>\n\t<meta property=\"og:image:height\" content=\"280\" \/>\n\t<meta property=\"og:image:type\" content=\"image\/jpeg\" \/>\n<meta name=\"twitter:card\" content=\"summary_large_image\" \/>\n<meta name=\"twitter:label1\" content=\"Tahmini okuma s\u00fcresi\" \/>\n\t<meta name=\"twitter:data1\" content=\"1 dakika\" \/>\n<script type=\"application\/ld+json\" class=\"yoast-schema-graph\">{\"@context\":\"https:\/\/schema.org\",\"@graph\":[{\"@type\":\"WebPage\",\"@id\":\"https:\/\/arzemteknoloji.com\/index.php\/urun\/viewsonic-pa503s-xga-800x600-3800-al-dlp-projeksiyon\/\",\"url\":\"https:\/\/arzemteknoloji.com\/index.php\/urun\/viewsonic-pa503s-xga-800x600-3800-al-dlp-projeksiyon\/\",\"name\":\"VIEWSONIC PA503S XGA 800x600 3800 AL DLP Projeksiyon - Arzemteknoloji\",\"isPartOf\":{\"@id\":\"https:\/\/arzemteknoloji.com\/#website\"},\"primaryImageOfPage\":{\"@id\":\"https:\/\/arzemteknoloji.com\/index.php\/urun\/viewsonic-pa503s-xga-800x600-3800-al-dlp-projeksiyon\/#primaryimage\"},\"image\":{\"@id\":\"https:\/\/arzemteknoloji.com\/index.php\/urun\/viewsonic-pa503s-xga-800x600-3800-al-dlp-projeksiyon\/#primaryimage\"},\"thumbnailUrl\":\"https:\/\/arzemteknoloji.com\/wp-content\/uploads\/2021\/08\/23592_PA503S_1.jpg\",\"datePublished\":\"2021-08-26T14:54:11+00:00\",\"dateModified\":\"2025-11-13T10:10:57+00:00\",\"breadcrumb\":{\"@id\":\"https:\/\/arzemteknoloji.com\/index.php\/urun\/viewsonic-pa503s-xga-800x600-3800-al-dlp-projeksiyon\/#breadcrumb\"},\"inLanguage\":\"tr\",\"potentialAction\":[{\"@type\":\"ReadAction\",\"target\":[\"https:\/\/arzemteknoloji.com\/index.php\/urun\/viewsonic-pa503s-xga-800x600-3800-al-dlp-projeksiyon\/\"]}]},{\"@type\":\"ImageObject\",\"inLanguage\":\"tr\",\"@id\":\"https:\/\/arzemteknoloji.com\/index.php\/urun\/viewsonic-pa503s-xga-800x600-3800-al-dlp-projeksiyon\/#primaryimage\",\"url\":\"https:\/\/arzemteknoloji.com\/wp-content\/uploads\/2021\/08\/23592_PA503S_1.jpg\",\"contentUrl\":\"https:\/\/arzemteknoloji.com\/wp-content\/uploads\/2021\/08\/23592_PA503S_1.jpg\",\"width\":500,\"height\":280},{\"@type\":\"BreadcrumbList\",\"@id\":\"https:\/\/arzemteknoloji.com\/index.php\/urun\/viewsonic-pa503s-xga-800x600-3800-al-dlp-projeksiyon\/#breadcrumb\",\"itemListElement\":[{\"@type\":\"ListItem\",\"position\":1,\"name\":\"Anasayfa\",\"item\":\"https:\/\/arzemteknoloji.com\/\"},{\"@type\":\"ListItem\",\"position\":2,\"name\":\"Shop\",\"item\":\"https:\/\/arzemteknoloji.com\/index.php\/shop\/\"},{\"@type\":\"ListItem\",\"position\":3,\"name\":\"VIEWSONIC PA503S XGA 800&#215;600 3800 AL DLP Projeksiyon\"}]},{\"@type\":\"WebSite\",\"@id\":\"https:\/\/arzemteknoloji.com\/#website\",\"url\":\"https:\/\/arzemteknoloji.com\/\",\"name\":\"Arzemteknoloji\",\"description\":\"Teknolojideki Vazge\u00e7ilmeziniz\",\"potentialAction\":[{\"@type\":\"SearchAction\",\"target\":{\"@type\":\"EntryPoint\",\"urlTemplate\":\"https:\/\/arzemteknoloji.com\/?s={search_term_string}\"},\"query-input\":{\"@type\":\"PropertyValueSpecification\",\"valueRequired\":true,\"valueName\":\"search_term_string\"}}],\"inLanguage\":\"tr\"}]}<\/script>\n<!-- \/ Yoast SEO Premium plugin. -->","yoast_head_json":{"title":"VIEWSONIC PA503S XGA 800x600 3800 AL DLP Projeksiyon - Arzemteknoloji","robots":{"index":"noindex","follow":"follow","max-snippet":"max-snippet:-1","max-image-preview":"max-image-preview:large","max-video-preview":"max-video-preview:-1"},"og_locale":"tr_TR","og_type":"article","og_title":"VIEWSONIC PA503S XGA 800x600 3800 AL DLP Projeksiyon","og_description":"KUTU \u0130\u00c7ER\u0130\u011e\u0130 : G\u00fc\u00e7 Kablosu: 1 VGA Kablosu: 1 Uzaktan Kumanda: 1 H\u0131zl\u0131 Ba\u015flang\u0131\u00e7 K\u0131lavuzu ve CD: QSG: 1 \/ CD: Yok Hava Filtresi: RSPL","og_url":"https:\/\/arzemteknoloji.com\/index.php\/urun\/viewsonic-pa503s-xga-800x600-3800-al-dlp-projeksiyon\/","og_site_name":"Arzemteknoloji","article_modified_time":"2025-11-13T10:10:57+00:00","og_image":[{"width":500,"height":280,"url":"https:\/\/arzemteknoloji.com\/wp-content\/uploads\/2021\/08\/23592_PA503S_1.jpg","type":"image\/jpeg"}],"twitter_card":"summary_large_image","twitter_misc":{"Tahmini okuma s\u00fcresi":"1 dakika"},"schema":{"@context":"https:\/\/schema.org","@graph":[{"@type":"WebPage","@id":"https:\/\/arzemteknoloji.com\/index.php\/urun\/viewsonic-pa503s-xga-800x600-3800-al-dlp-projeksiyon\/","url":"https:\/\/arzemteknoloji.com\/index.php\/urun\/viewsonic-pa503s-xga-800x600-3800-al-dlp-projeksiyon\/","name":"VIEWSONIC PA503S XGA 800x600 3800 AL DLP Projeksiyon - Arzemteknoloji","isPartOf":{"@id":"https:\/\/arzemteknoloji.com\/#website"},"primaryImageOfPage":{"@id":"https:\/\/arzemteknoloji.com\/index.php\/urun\/viewsonic-pa503s-xga-800x600-3800-al-dlp-projeksiyon\/#primaryimage"},"image":{"@id":"https:\/\/arzemteknoloji.com\/index.php\/urun\/viewsonic-pa503s-xga-800x600-3800-al-dlp-projeksiyon\/#primaryimage"},"thumbnailUrl":"https:\/\/arzemteknoloji.com\/wp-content\/uploads\/2021\/08\/23592_PA503S_1.jpg","datePublished":"2021-08-26T14:54:11+00:00","dateModified":"2025-11-13T10:10:57+00:00","breadcrumb":{"@id":"https:\/\/arzemteknoloji.com\/index.php\/urun\/viewsonic-pa503s-xga-800x600-3800-al-dlp-projeksiyon\/#breadcrumb"},"inLanguage":"tr","potentialAction":[{"@type":"ReadAction","target":["https:\/\/arzemteknoloji.com\/index.php\/urun\/viewsonic-pa503s-xga-800x600-3800-al-dlp-projeksiyon\/"]}]},{"@type":"ImageObject","inLanguage":"tr","@id":"https:\/\/arzemteknoloji.com\/index.php\/urun\/viewsonic-pa503s-xga-800x600-3800-al-dlp-projeksiyon\/#primaryimage","url":"https:\/\/arzemteknoloji.com\/wp-content\/uploads\/2021\/08\/23592_PA503S_1.jpg","contentUrl":"https:\/\/arzemteknoloji.com\/wp-content\/uploads\/2021\/08\/23592_PA503S_1.jpg","width":500,"height":280},{"@type":"BreadcrumbList","@id":"https:\/\/arzemteknoloji.com\/index.php\/urun\/viewsonic-pa503s-xga-800x600-3800-al-dlp-projeksiyon\/#breadcrumb","itemListElement":[{"@type":"ListItem","position":1,"name":"Anasayfa","item":"https:\/\/arzemteknoloji.com\/"},{"@type":"ListItem","position":2,"name":"Shop","item":"https:\/\/arzemteknoloji.com\/index.php\/shop\/"},{"@type":"ListItem","position":3,"name":"VIEWSONIC PA503S XGA 800&#215;600 3800 AL DLP Projeksiyon"}]},{"@type":"WebSite","@id":"https:\/\/arzemteknoloji.com\/#website","url":"https:\/\/arzemteknoloji.com\/","name":"Arzemteknoloji","description":"Teknolojideki Vazge\u00e7ilmeziniz","potentialAction":[{"@type":"SearchAction","target":{"@type":"EntryPoint","urlTemplate":"https:\/\/arzemteknoloji.com\/?s={search_term_string}"},"query-input":{"@type":"PropertyValueSpecification","valueRequired":true,"valueName":"search_term_string"}}],"inLanguage":"tr"}]}},"jetpack_sharing_enabled":true,"_links":{"self":[{"href":"https:\/\/arzemteknoloji.com\/index.php\/wp-json\/wp\/v2\/product\/270"}],"collection":[{"href":"https:\/\/arzemteknoloji.com\/index.php\/wp-json\/wp\/v2\/product"}],"about":[{"href":"https:\/\/arzemteknoloji.com\/index.php\/wp-json\/wp\/v2\/types\/product"}],"replies":[{"embeddable":true,"href":"https:\/\/arzemteknoloji.com\/index.php\/wp-json\/wp\/v2\/comments?post=270"}],"version-history":[{"count":6,"href":"https:\/\/arzemteknoloji.com\/index.php\/wp-json\/wp\/v2\/product\/270\/revisions"}],"predecessor-version":[{"id":24043,"href":"https:\/\/arzemteknoloji.com\/index.php\/wp-json\/wp\/v2\/product\/270\/revisions\/24043"}],"wp:featuredmedia":[{"embeddable":true,"href":"https:\/\/arzemteknoloji.com\/index.php\/wp-json\/wp\/v2\/media\/24034"}],"wp:attachment":[{"href":"https:\/\/arzemteknoloji.com\/index.php\/wp-json\/wp\/v2\/media?parent=270"}],"wp:term":[{"taxonomy":"product_cat","embeddable":true,"href":"https:\/\/arzemteknoloji.com\/index.php\/wp-json\/wp\/v2\/product_cat?post=270"},{"taxonomy":"product_tag","embeddable":true,"href":"https:\/\/arzemteknoloji.com\/index.php\/wp-json\/wp\/v2\/product_tag?post=270"}],"curies":[{"name":"wp","href":"https:\/\/api.w.org\/{rel}","templated":true}]}}