{"id":300,"date":"2021-08-26T16:17:37","date_gmt":"2021-08-26T16:17:37","guid":{"rendered":"http:\/\/dummy.xtemos.com\/woodmart2\/elementor\/?post_type=product&#038;p=300"},"modified":"2026-03-19T11:07:43","modified_gmt":"2026-03-19T08:07:43","slug":"suncom-sm190vi-19-led-5ms-60hz-1440x900-hd-vga-hdmi-vesa-siyah-monitor","status":"publish","type":"product","link":"https:\/\/arzemteknoloji.com\/index.php\/urun\/suncom-sm190vi-19-led-5ms-60hz-1440x900-hd-vga-hdmi-vesa-siyah-monitor\/","title":{"rendered":"SUNCOM SM190VI 19&#8243; LED 5ms 60Hz 1440&#215;900 HD VGA HDMI (VESA) Siyah Monit\u00f6r"},"content":{"rendered":"\t\t<div data-elementor-type=\"wp-post\" data-elementor-id=\"300\" class=\"elementor elementor-300\" data-elementor-post-type=\"product\">\n\t\t\t\t<div class=\"elementor-element elementor-element-77efb82 e-flex e-con-boxed e-con e-parent\" data-id=\"77efb82\" data-element_type=\"container\">\n\t\t\t\t\t<div class=\"e-con-inner\">\n\t\t\t\t<div class=\"elementor-element elementor-element-f0ec461 elementor-widget__width-initial elementor-widget elementor-widget-wd_text_block\" data-id=\"f0ec461\" data-element_type=\"widget\" data-widget_type=\"wd_text_block.default\">\n\t\t\t\t<div class=\"elementor-widget-container\">\n\t\t\t\t\t\t\t<div class=\"wd-text-block reset-last-child text-left\">\n\t\t\t\n\t\t\t<table class=\"table table-hover table-striped \"><tbody><tr><th class=\"px-4 px-xl-5 border-top-0\" data-sider-select-id=\"da5cf945-dcec-497a-a53c-61f523257d27\">A\u00e7\u0131klama<\/th><td class=\"border-top-0\">Monit\u00f6r<\/td><\/tr><tr><th class=\"px-4 px-xl-5 border-top-0\">\u00c7\u00f6z\u00fcn\u00fcrl\u00fck<\/th><td class=\"border-top-0\">1440x900<\/td><\/tr><tr><th class=\"px-4 px-xl-5 border-top-0\">Di\u011fer<\/th><td class=\"border-top-0\">(VESA)<\/td><\/tr><tr><th class=\"px-4 px-xl-5 border-top-0\">Ekran Boyutu<\/th><td class=\"border-top-0\">19\"<\/td><\/tr><tr><th class=\"px-4 px-xl-5 border-top-0\">Ekran Tipi<\/th><td class=\"border-top-0\">LED<\/td><\/tr><tr><th class=\"px-4 px-xl-5 border-top-0\">Garanti S\u00fcresi<\/th><td class=\"border-top-0\">2 YIL<\/td><\/tr><tr><th class=\"px-4 px-xl-5 border-top-0\">Marka<\/th><td class=\"border-top-0\">SUNCOM<\/td><\/tr><tr><th class=\"px-4 px-xl-5 border-top-0\">Renk<\/th><td class=\"border-top-0\">Siyah<\/td><\/tr><tr><th class=\"px-4 px-xl-5 border-top-0\">Tepki H\u0131z\u0131<\/th><td class=\"border-top-0\">5ms 60Hz<\/td><\/tr><tr><th class=\"px-4 px-xl-5 border-top-0\">Tipi<\/th><td class=\"border-top-0\">HD<\/td><\/tr><tr><th class=\"px-4 px-xl-5 border-top-0\">\u00dcr\u00fcn Kodu<\/th><td class=\"border-top-0\">SM190VI<\/td><\/tr><tr><th class=\"px-4 px-xl-5 border-top-0\">Vga Arabirimi<\/th><td class=\"border-top-0\">VGA HDMI<\/td><\/tr><\/tbody><\/table>\n\t\t\t\t\t<\/div>\n\t\t\t\t\t\t<\/div>\n\t\t\t\t<\/div>\n\t\t\t\t<div class=\"elementor-element elementor-element-6944a65 elementor-widget__width-initial elementor-widget elementor-widget-wd_image_or_svg\" data-id=\"6944a65\" data-element_type=\"widget\" data-widget_type=\"wd_image_or_svg.default\">\n\t\t\t\t<div class=\"elementor-widget-container\">\n\t\t\t\t\t\n\t\t<div class=\"wd-image text-left\">\n\t\t\t\t\t\t\t\t<img fetchpriority=\"high\" decoding=\"async\" width=\"2560\" height=\"2531\" src=\"https:\/\/arzemteknoloji.com\/wp-content\/uploads\/2021\/08\/suncom-2-scaled.jpg\" class=\"attachment-full size-full\" alt=\"\" srcset=\"https:\/\/arzemteknoloji.com\/wp-content\/uploads\/2021\/08\/suncom-2-scaled.jpg 2560w, https:\/\/arzemteknoloji.com\/wp-content\/uploads\/2021\/08\/suncom-2-303x300.jpg 303w, https:\/\/arzemteknoloji.com\/wp-content\/uploads\/2021\/08\/suncom-2-809x800.jpg 809w, https:\/\/arzemteknoloji.com\/wp-content\/uploads\/2021\/08\/suncom-2-768x759.jpg 768w, https:\/\/arzemteknoloji.com\/wp-content\/uploads\/2021\/08\/suncom-2-1536x1519.jpg 1536w, https:\/\/arzemteknoloji.com\/wp-content\/uploads\/2021\/08\/suncom-2-2048x2025.jpg 2048w, https:\/\/arzemteknoloji.com\/wp-content\/uploads\/2021\/08\/suncom-2-860x850.jpg 860w, https:\/\/arzemteknoloji.com\/wp-content\/uploads\/2021\/08\/suncom-2-1320x1305.jpg 1320w, https:\/\/arzemteknoloji.com\/wp-content\/uploads\/2021\/08\/suncom-2-430x425.jpg 430w, https:\/\/arzemteknoloji.com\/wp-content\/uploads\/2021\/08\/suncom-2-700x692.jpg 700w, https:\/\/arzemteknoloji.com\/wp-content\/uploads\/2021\/08\/suncom-2-150x148.jpg 150w\" sizes=\"(max-width: 2560px) 100vw, 2560px\" \/>\t\t\t\t\t<\/div>\n\n\t\t\t\t\t\t<\/div>\n\t\t\t\t<\/div>\n\t\t\t\t\t<\/div>\n\t\t\t\t<\/div>\n\t\t\t\t<\/div>\n\t\t","protected":false},"excerpt":{"rendered":"<p>suncom-sm190vi-19-led-5ms-60hz-1440&#215;900-hd-vga-hdmi-vesa-siyah-monitor<\/p>\n","protected":false},"featured_media":24018,"comment_status":"open","ping_status":"closed","template":"","meta":[],"product_cat":[28,32],"product_tag":[172,168,165,166,167,169,171,173,162,164,80,170],"yoast_head":"<!-- This site is optimized with the Yoast SEO Premium plugin v22.1 (Yoast SEO v24.1) - https:\/\/yoast.com\/wordpress\/plugins\/seo\/ -->\n<title>SUNCOM SM190VI 19&quot; LED 5ms 60Hz 1440x900 HD VGA HDMI (VESA) Siyah Monit\u00f6r - Arzemteknoloji<\/title>\n<meta name=\"robots\" content=\"noindex, follow, max-snippet:-1, max-image-preview:large, max-video-preview:-1\" \/>\n<meta property=\"og:locale\" content=\"tr_TR\" \/>\n<meta property=\"og:type\" content=\"article\" \/>\n<meta property=\"og:title\" content=\"SUNCOM SM190VI 19&quot; LED 5ms 60Hz 1440x900 HD VGA HDMI (VESA) Siyah Monit\u00f6r\" \/>\n<meta property=\"og:description\" content=\"suncom-sm190vi-19-led-5ms-60hz-1440x900-hd-vga-hdmi-vesa-siyah-monitor\" \/>\n<meta property=\"og:url\" content=\"https:\/\/arzemteknoloji.com\/index.php\/urun\/suncom-sm190vi-19-led-5ms-60hz-1440x900-hd-vga-hdmi-vesa-siyah-monitor\/\" \/>\n<meta property=\"og:site_name\" content=\"Arzemteknoloji\" \/>\n<meta property=\"article:modified_time\" content=\"2026-03-19T08:07:43+00:00\" \/>\n<meta property=\"og:image\" content=\"https:\/\/arzemteknoloji.com\/wp-content\/uploads\/2021\/08\/suncom-1-3-scaled.jpg\" \/>\n\t<meta property=\"og:image:width\" content=\"2560\" \/>\n\t<meta property=\"og:image:height\" content=\"2258\" \/>\n\t<meta property=\"og:image:type\" content=\"image\/jpeg\" \/>\n<meta name=\"twitter:card\" content=\"summary_large_image\" \/>\n<meta name=\"twitter:label1\" content=\"Tahmini okuma s\u00fcresi\" \/>\n\t<meta name=\"twitter:data1\" content=\"1 dakika\" \/>\n<script type=\"application\/ld+json\" class=\"yoast-schema-graph\">{\"@context\":\"https:\/\/schema.org\",\"@graph\":[{\"@type\":\"WebPage\",\"@id\":\"https:\/\/arzemteknoloji.com\/index.php\/urun\/suncom-sm190vi-19-led-5ms-60hz-1440x900-hd-vga-hdmi-vesa-siyah-monitor\/\",\"url\":\"https:\/\/arzemteknoloji.com\/index.php\/urun\/suncom-sm190vi-19-led-5ms-60hz-1440x900-hd-vga-hdmi-vesa-siyah-monitor\/\",\"name\":\"SUNCOM SM190VI 19\\\" LED 5ms 60Hz 1440x900 HD VGA HDMI (VESA) Siyah Monit\u00f6r - Arzemteknoloji\",\"isPartOf\":{\"@id\":\"https:\/\/arzemteknoloji.com\/#website\"},\"primaryImageOfPage\":{\"@id\":\"https:\/\/arzemteknoloji.com\/index.php\/urun\/suncom-sm190vi-19-led-5ms-60hz-1440x900-hd-vga-hdmi-vesa-siyah-monitor\/#primaryimage\"},\"image\":{\"@id\":\"https:\/\/arzemteknoloji.com\/index.php\/urun\/suncom-sm190vi-19-led-5ms-60hz-1440x900-hd-vga-hdmi-vesa-siyah-monitor\/#primaryimage\"},\"thumbnailUrl\":\"https:\/\/arzemteknoloji.com\/wp-content\/uploads\/2021\/08\/suncom-1-3-scaled.jpg\",\"datePublished\":\"2021-08-26T16:17:37+00:00\",\"dateModified\":\"2026-03-19T08:07:43+00:00\",\"breadcrumb\":{\"@id\":\"https:\/\/arzemteknoloji.com\/index.php\/urun\/suncom-sm190vi-19-led-5ms-60hz-1440x900-hd-vga-hdmi-vesa-siyah-monitor\/#breadcrumb\"},\"inLanguage\":\"tr\",\"potentialAction\":[{\"@type\":\"ReadAction\",\"target\":[\"https:\/\/arzemteknoloji.com\/index.php\/urun\/suncom-sm190vi-19-led-5ms-60hz-1440x900-hd-vga-hdmi-vesa-siyah-monitor\/\"]}]},{\"@type\":\"ImageObject\",\"inLanguage\":\"tr\",\"@id\":\"https:\/\/arzemteknoloji.com\/index.php\/urun\/suncom-sm190vi-19-led-5ms-60hz-1440x900-hd-vga-hdmi-vesa-siyah-monitor\/#primaryimage\",\"url\":\"https:\/\/arzemteknoloji.com\/wp-content\/uploads\/2021\/08\/suncom-1-3-scaled.jpg\",\"contentUrl\":\"https:\/\/arzemteknoloji.com\/wp-content\/uploads\/2021\/08\/suncom-1-3-scaled.jpg\",\"width\":2560,\"height\":2258},{\"@type\":\"BreadcrumbList\",\"@id\":\"https:\/\/arzemteknoloji.com\/index.php\/urun\/suncom-sm190vi-19-led-5ms-60hz-1440x900-hd-vga-hdmi-vesa-siyah-monitor\/#breadcrumb\",\"itemListElement\":[{\"@type\":\"ListItem\",\"position\":1,\"name\":\"Anasayfa\",\"item\":\"https:\/\/arzemteknoloji.com\/\"},{\"@type\":\"ListItem\",\"position\":2,\"name\":\"Shop\",\"item\":\"https:\/\/arzemteknoloji.com\/index.php\/shop\/\"},{\"@type\":\"ListItem\",\"position\":3,\"name\":\"SUNCOM SM190VI 19&#8243; LED 5ms 60Hz 1440&#215;900 HD VGA HDMI (VESA) Siyah Monit\u00f6r\"}]},{\"@type\":\"WebSite\",\"@id\":\"https:\/\/arzemteknoloji.com\/#website\",\"url\":\"https:\/\/arzemteknoloji.com\/\",\"name\":\"Arzemteknoloji\",\"description\":\"Teknolojideki Vazge\u00e7ilmeziniz\",\"potentialAction\":[{\"@type\":\"SearchAction\",\"target\":{\"@type\":\"EntryPoint\",\"urlTemplate\":\"https:\/\/arzemteknoloji.com\/?s={search_term_string}\"},\"query-input\":{\"@type\":\"PropertyValueSpecification\",\"valueRequired\":true,\"valueName\":\"search_term_string\"}}],\"inLanguage\":\"tr\"}]}<\/script>\n<!-- \/ Yoast SEO Premium plugin. -->","yoast_head_json":{"title":"SUNCOM SM190VI 19\" LED 5ms 60Hz 1440x900 HD VGA HDMI (VESA) Siyah Monit\u00f6r - Arzemteknoloji","robots":{"index":"noindex","follow":"follow","max-snippet":"max-snippet:-1","max-image-preview":"max-image-preview:large","max-video-preview":"max-video-preview:-1"},"og_locale":"tr_TR","og_type":"article","og_title":"SUNCOM SM190VI 19\" LED 5ms 60Hz 1440x900 HD VGA HDMI (VESA) Siyah Monit\u00f6r","og_description":"suncom-sm190vi-19-led-5ms-60hz-1440x900-hd-vga-hdmi-vesa-siyah-monitor","og_url":"https:\/\/arzemteknoloji.com\/index.php\/urun\/suncom-sm190vi-19-led-5ms-60hz-1440x900-hd-vga-hdmi-vesa-siyah-monitor\/","og_site_name":"Arzemteknoloji","article_modified_time":"2026-03-19T08:07:43+00:00","og_image":[{"width":2560,"height":2258,"url":"https:\/\/arzemteknoloji.com\/wp-content\/uploads\/2021\/08\/suncom-1-3-scaled.jpg","type":"image\/jpeg"}],"twitter_card":"summary_large_image","twitter_misc":{"Tahmini okuma s\u00fcresi":"1 dakika"},"schema":{"@context":"https:\/\/schema.org","@graph":[{"@type":"WebPage","@id":"https:\/\/arzemteknoloji.com\/index.php\/urun\/suncom-sm190vi-19-led-5ms-60hz-1440x900-hd-vga-hdmi-vesa-siyah-monitor\/","url":"https:\/\/arzemteknoloji.com\/index.php\/urun\/suncom-sm190vi-19-led-5ms-60hz-1440x900-hd-vga-hdmi-vesa-siyah-monitor\/","name":"SUNCOM SM190VI 19\" LED 5ms 60Hz 1440x900 HD VGA HDMI (VESA) Siyah Monit\u00f6r - Arzemteknoloji","isPartOf":{"@id":"https:\/\/arzemteknoloji.com\/#website"},"primaryImageOfPage":{"@id":"https:\/\/arzemteknoloji.com\/index.php\/urun\/suncom-sm190vi-19-led-5ms-60hz-1440x900-hd-vga-hdmi-vesa-siyah-monitor\/#primaryimage"},"image":{"@id":"https:\/\/arzemteknoloji.com\/index.php\/urun\/suncom-sm190vi-19-led-5ms-60hz-1440x900-hd-vga-hdmi-vesa-siyah-monitor\/#primaryimage"},"thumbnailUrl":"https:\/\/arzemteknoloji.com\/wp-content\/uploads\/2021\/08\/suncom-1-3-scaled.jpg","datePublished":"2021-08-26T16:17:37+00:00","dateModified":"2026-03-19T08:07:43+00:00","breadcrumb":{"@id":"https:\/\/arzemteknoloji.com\/index.php\/urun\/suncom-sm190vi-19-led-5ms-60hz-1440x900-hd-vga-hdmi-vesa-siyah-monitor\/#breadcrumb"},"inLanguage":"tr","potentialAction":[{"@type":"ReadAction","target":["https:\/\/arzemteknoloji.com\/index.php\/urun\/suncom-sm190vi-19-led-5ms-60hz-1440x900-hd-vga-hdmi-vesa-siyah-monitor\/"]}]},{"@type":"ImageObject","inLanguage":"tr","@id":"https:\/\/arzemteknoloji.com\/index.php\/urun\/suncom-sm190vi-19-led-5ms-60hz-1440x900-hd-vga-hdmi-vesa-siyah-monitor\/#primaryimage","url":"https:\/\/arzemteknoloji.com\/wp-content\/uploads\/2021\/08\/suncom-1-3-scaled.jpg","contentUrl":"https:\/\/arzemteknoloji.com\/wp-content\/uploads\/2021\/08\/suncom-1-3-scaled.jpg","width":2560,"height":2258},{"@type":"BreadcrumbList","@id":"https:\/\/arzemteknoloji.com\/index.php\/urun\/suncom-sm190vi-19-led-5ms-60hz-1440x900-hd-vga-hdmi-vesa-siyah-monitor\/#breadcrumb","itemListElement":[{"@type":"ListItem","position":1,"name":"Anasayfa","item":"https:\/\/arzemteknoloji.com\/"},{"@type":"ListItem","position":2,"name":"Shop","item":"https:\/\/arzemteknoloji.com\/index.php\/shop\/"},{"@type":"ListItem","position":3,"name":"SUNCOM SM190VI 19&#8243; LED 5ms 60Hz 1440&#215;900 HD VGA HDMI (VESA) Siyah Monit\u00f6r"}]},{"@type":"WebSite","@id":"https:\/\/arzemteknoloji.com\/#website","url":"https:\/\/arzemteknoloji.com\/","name":"Arzemteknoloji","description":"Teknolojideki Vazge\u00e7ilmeziniz","potentialAction":[{"@type":"SearchAction","target":{"@type":"EntryPoint","urlTemplate":"https:\/\/arzemteknoloji.com\/?s={search_term_string}"},"query-input":{"@type":"PropertyValueSpecification","valueRequired":true,"valueName":"search_term_string"}}],"inLanguage":"tr"}]}},"jetpack_sharing_enabled":true,"_links":{"self":[{"href":"https:\/\/arzemteknoloji.com\/index.php\/wp-json\/wp\/v2\/product\/300"}],"collection":[{"href":"https:\/\/arzemteknoloji.com\/index.php\/wp-json\/wp\/v2\/product"}],"about":[{"href":"https:\/\/arzemteknoloji.com\/index.php\/wp-json\/wp\/v2\/types\/product"}],"replies":[{"embeddable":true,"href":"https:\/\/arzemteknoloji.com\/index.php\/wp-json\/wp\/v2\/comments?post=300"}],"version-history":[{"count":7,"href":"https:\/\/arzemteknoloji.com\/index.php\/wp-json\/wp\/v2\/product\/300\/revisions"}],"predecessor-version":[{"id":24026,"href":"https:\/\/arzemteknoloji.com\/index.php\/wp-json\/wp\/v2\/product\/300\/revisions\/24026"}],"wp:featuredmedia":[{"embeddable":true,"href":"https:\/\/arzemteknoloji.com\/index.php\/wp-json\/wp\/v2\/media\/24018"}],"wp:attachment":[{"href":"https:\/\/arzemteknoloji.com\/index.php\/wp-json\/wp\/v2\/media?parent=300"}],"wp:term":[{"taxonomy":"product_cat","embeddable":true,"href":"https:\/\/arzemteknoloji.com\/index.php\/wp-json\/wp\/v2\/product_cat?post=300"},{"taxonomy":"product_tag","embeddable":true,"href":"https:\/\/arzemteknoloji.com\/index.php\/wp-json\/wp\/v2\/product_tag?post=300"}],"curies":[{"name":"wp","href":"https:\/\/api.w.org\/{rel}","templated":true}]}}