{"id":334,"date":"2024-05-14T11:42:20","date_gmt":"2024-05-14T08:42:20","guid":{"rendered":"http:\/\/dummy.xtemos.com\/woodmart2\/elementor\/?post_type=product&#038;p=334"},"modified":"2025-11-13T12:54:01","modified_gmt":"2025-11-13T09:54:01","slug":"cudy-m18001-pack-2-port-10-100-1000mbps-ax1800-4-anten-masaustu-access-point","status":"publish","type":"product","link":"https:\/\/arzemteknoloji.com\/index.php\/urun\/cudy-m18001-pack-2-port-10-100-1000mbps-ax1800-4-anten-masaustu-access-point\/","title":{"rendered":"CUDY M1800(1-Pack) 2 Port 10\/100\/1000Mbps AX1800 4 Anten Masa\u00fcst\u00fc Access Point"},"content":{"rendered":"\t\t<div data-elementor-type=\"wp-post\" data-elementor-id=\"334\" class=\"elementor elementor-334\" data-elementor-post-type=\"product\">\n\t\t\t\t<div class=\"elementor-element elementor-element-2a51e47 e-flex e-con-boxed e-con e-parent\" data-id=\"2a51e47\" data-element_type=\"container\">\n\t\t\t\t\t<div class=\"e-con-inner\">\n\t\t<div class=\"elementor-element elementor-element-01fc7d0 e-con-full e-flex e-con e-child\" data-id=\"01fc7d0\" data-element_type=\"container\">\n\t\t\t\t<div class=\"elementor-element elementor-element-3d26ce2 elementor-widget elementor-widget-wd_text_block\" data-id=\"3d26ce2\" data-element_type=\"widget\" data-widget_type=\"wd_text_block.default\">\n\t\t\t\t<div class=\"elementor-widget-container\">\n\t\t\t\t\t\t\t<div class=\"wd-text-block reset-last-child text-left\">\n\t\t\t\n\t\t\t<h6 data-sider-select-id=\"301acb22-5d84-447d-9afc-c937fb115c1f\">AX1800 Mesh Ak\u0131ll\u0131 Kafes Ev A\u011f\u0131 Teknolojisi Wi-Fi 6 \u00c7\u00f6z\u00fcm\u00fc<\/h6><h6>5GHz'de 1201 Mbps ve 2,4GHz'de 574Mbps<\/h6><h6>Kesintisiz Dola\u015f\u0131m, T\u00fcm Evi Kapsama Alan\u0131<\/h6><h6>2 Gigabit Ethernet Ba\u011flant\u0131 Noktas\u0131 + 4 Dahili Anten<\/h6><h6>MU-M\u0130MO, Beamforming, WPA3<\/h6><h6>PPTP\/L2TP\/OpenVPN\/Wire Guard\/ IPSec\/Zerotier<\/h6><h6>15'ten fazla DDNS sa\u011flay\u0131c\u0131 ile uyumlu<\/h6><h6><strong>AX1800 Wifi 6 Mesh Ak\u0131ll\u0131 Kafes Ev A\u011f\u0131 Ile T\u00fcm Evinizi \u00d6l\u00fc B\u00f6lge Olmadan Donat\u0131n<\/strong><\/h6><h6>100 Cihaza Kadar Ba\u011flay\u0131n<\/h6><h6>5500 metrekareye kadar 3 Paket<\/h6><h6>\u00a0<\/h6>\n\t\t\t\t\t<\/div>\n\t\t\t\t\t\t<\/div>\n\t\t\t\t<\/div>\n\t\t\t\t<\/div>\n\t\t<div class=\"elementor-element elementor-element-8e7cad6 e-con-full e-flex e-con e-child\" data-id=\"8e7cad6\" data-element_type=\"container\">\n\t\t\t\t<div class=\"elementor-element elementor-element-50b4310 elementor-widget elementor-widget-wd_text_block\" data-id=\"50b4310\" data-element_type=\"widget\" data-widget_type=\"wd_text_block.default\">\n\t\t\t\t<div class=\"elementor-widget-container\">\n\t\t\t\t\t\t\t<div class=\"wd-text-block reset-last-child text-left\">\n\t\t\t\n\t\t\t<h5>Dahili PPTP\/L2TP\/OpenVPN\/WireGuard VPN \u0130stemcisi sayesinde, t\u00fcm \u00e7evrimi\u00e7i veri ve trafi\u011finizi ta\u015f\u0131mak i\u00e7in VPN sunucusuna kolayca ba\u011flant\u0131 kurabilir ve ayn\u0131 zamanda \u015fifreleme ve DNS \u00fczerinden TLS ile yap\u0131land\u0131rabilirsiniz.<\/h5><h5>TLS (Transport Layer Security): Bir bilgisayar a\u011f\u0131 \u00fczerinden ileti\u015fimi g\u00fcvenli hale getirmek i\u00e7in kullan\u0131lan bir protokold\u00fcr. Temel olarak bir istemci (web taray\u0131c\u0131s\u0131 gibi) ve sunucu (web sitesi gibi) olmak \u00fczere iki taraf aras\u0131nda \u015fifreli bir ba\u011flant\u0131 kurarak g\u00fcvenli ileti\u015fim sa\u011flar.<\/h5>\n\t\t\t\t\t<\/div>\n\t\t\t\t\t\t<\/div>\n\t\t\t\t<\/div>\n\t\t\t\t<\/div>\n\t\t<div class=\"elementor-element elementor-element-d9a59bb e-con-full e-flex e-con e-child\" data-id=\"d9a59bb\" data-element_type=\"container\">\n\t\t\t\t<div class=\"elementor-element elementor-element-cb83973 elementor-widget elementor-widget-wd_image_or_svg\" data-id=\"cb83973\" data-element_type=\"widget\" data-widget_type=\"wd_image_or_svg.default\">\n\t\t\t\t<div class=\"elementor-widget-container\">\n\t\t\t\t\t\n\t\t<div class=\"wd-image text-left\">\n\t\t\t\t\t\t\t\t<img fetchpriority=\"high\" decoding=\"async\" width=\"1200\" height=\"1200\" src=\"https:\/\/arzemteknoloji.com\/wp-content\/uploads\/2024\/05\/x1800-4.jpg\" class=\"attachment-full size-full\" alt=\"\" srcset=\"https:\/\/arzemteknoloji.com\/wp-content\/uploads\/2024\/05\/x1800-4.jpg 1200w, https:\/\/arzemteknoloji.com\/wp-content\/uploads\/2024\/05\/x1800-4-300x300.jpg 300w, https:\/\/arzemteknoloji.com\/wp-content\/uploads\/2024\/05\/x1800-4-800x800.jpg 800w, https:\/\/arzemteknoloji.com\/wp-content\/uploads\/2024\/05\/x1800-4-150x150.jpg 150w, https:\/\/arzemteknoloji.com\/wp-content\/uploads\/2024\/05\/x1800-4-768x768.jpg 768w, https:\/\/arzemteknoloji.com\/wp-content\/uploads\/2024\/05\/x1800-4-860x860.jpg 860w, https:\/\/arzemteknoloji.com\/wp-content\/uploads\/2024\/05\/x1800-4-430x430.jpg 430w, https:\/\/arzemteknoloji.com\/wp-content\/uploads\/2024\/05\/x1800-4-700x700.jpg 700w\" sizes=\"(max-width: 1200px) 100vw, 1200px\" \/>\t\t\t\t\t<\/div>\n\n\t\t\t\t\t\t<\/div>\n\t\t\t\t<\/div>\n\t\t\t\t<\/div>\n\t\t\t\t\t<\/div>\n\t\t\t\t<\/div>\n\t\t\t\t<\/div>\n\t\t","protected":false},"excerpt":{"rendered":"<p>AX1800 Wi-Fi 6 Mesh Solution 1-Pack, Chipset MediaTek, Dual-Band, 802.11ax\/ac\/a\/b\/g\/n, 1201Mbps at 5GHz + 574Mbps at 2.4GHz, 2 Gigabit Ethernet Ports, 4 internal antennas, MU-MIMO, DDNS, Zerotier\/Wireguard\/OpenVPN\/IPSec\/L2TP\/PPTP VPN, Zerotier, DNS over Cloudflare\/Google\/Quad9, IPv6, Seamless Roaming, WPA3, TR069\/TR098\/TR111\/TR181<\/p>\n","protected":false},"featured_media":23929,"comment_status":"open","ping_status":"closed","template":"","meta":[],"product_cat":[29,118],"product_tag":[128,126,127,123,133,131,129,125,130,132],"yoast_head":"<!-- This site is optimized with the Yoast SEO Premium plugin v22.1 (Yoast SEO v24.1) - https:\/\/yoast.com\/wordpress\/plugins\/seo\/ -->\n<title>CUDY M1800(1-Pack) 2 Port 10\/100\/1000Mbps AX1800 4 Anten Masa\u00fcst\u00fc Access Point - Arzemteknoloji<\/title>\n<meta name=\"robots\" content=\"noindex, follow, max-snippet:-1, max-image-preview:large, max-video-preview:-1\" \/>\n<meta property=\"og:locale\" content=\"tr_TR\" \/>\n<meta property=\"og:type\" content=\"article\" \/>\n<meta property=\"og:title\" content=\"CUDY M1800(1-Pack) 2 Port 10\/100\/1000Mbps AX1800 4 Anten Masa\u00fcst\u00fc Access Point\" \/>\n<meta property=\"og:description\" content=\"AX1800 Wi-Fi 6 Mesh Solution 1-Pack, Chipset MediaTek, Dual-Band, 802.11ax\/ac\/a\/b\/g\/n, 1201Mbps at 5GHz + 574Mbps at 2.4GHz, 2 Gigabit Ethernet Ports, 4 internal antennas, MU-MIMO, DDNS, Zerotier\/Wireguard\/OpenVPN\/IPSec\/L2TP\/PPTP VPN, Zerotier, DNS over Cloudflare\/Google\/Quad9, IPv6, Seamless Roaming, WPA3, TR069\/TR098\/TR111\/TR181\" \/>\n<meta property=\"og:url\" content=\"https:\/\/arzemteknoloji.com\/index.php\/urun\/cudy-m18001-pack-2-port-10-100-1000mbps-ax1800-4-anten-masaustu-access-point\/\" \/>\n<meta property=\"og:site_name\" content=\"Arzemteknoloji\" \/>\n<meta property=\"article:modified_time\" content=\"2025-11-13T09:54:01+00:00\" \/>\n<meta property=\"og:image\" content=\"https:\/\/arzemteknoloji.com\/wp-content\/uploads\/2024\/05\/x1800-5.jpg\" \/>\n\t<meta property=\"og:image:width\" content=\"1000\" \/>\n\t<meta property=\"og:image:height\" content=\"1000\" \/>\n\t<meta property=\"og:image:type\" content=\"image\/jpeg\" \/>\n<meta name=\"twitter:card\" content=\"summary_large_image\" \/>\n<meta name=\"twitter:label1\" content=\"Tahmini okuma s\u00fcresi\" \/>\n\t<meta name=\"twitter:data1\" content=\"2 dakika\" \/>\n<script type=\"application\/ld+json\" class=\"yoast-schema-graph\">{\"@context\":\"https:\/\/schema.org\",\"@graph\":[{\"@type\":\"WebPage\",\"@id\":\"https:\/\/arzemteknoloji.com\/index.php\/urun\/cudy-m18001-pack-2-port-10-100-1000mbps-ax1800-4-anten-masaustu-access-point\/\",\"url\":\"https:\/\/arzemteknoloji.com\/index.php\/urun\/cudy-m18001-pack-2-port-10-100-1000mbps-ax1800-4-anten-masaustu-access-point\/\",\"name\":\"CUDY M1800(1-Pack) 2 Port 10\/100\/1000Mbps AX1800 4 Anten Masa\u00fcst\u00fc Access Point - Arzemteknoloji\",\"isPartOf\":{\"@id\":\"https:\/\/arzemteknoloji.com\/#website\"},\"primaryImageOfPage\":{\"@id\":\"https:\/\/arzemteknoloji.com\/index.php\/urun\/cudy-m18001-pack-2-port-10-100-1000mbps-ax1800-4-anten-masaustu-access-point\/#primaryimage\"},\"image\":{\"@id\":\"https:\/\/arzemteknoloji.com\/index.php\/urun\/cudy-m18001-pack-2-port-10-100-1000mbps-ax1800-4-anten-masaustu-access-point\/#primaryimage\"},\"thumbnailUrl\":\"https:\/\/arzemteknoloji.com\/wp-content\/uploads\/2024\/05\/x1800-5.jpg\",\"datePublished\":\"2024-05-14T08:42:20+00:00\",\"dateModified\":\"2025-11-13T09:54:01+00:00\",\"breadcrumb\":{\"@id\":\"https:\/\/arzemteknoloji.com\/index.php\/urun\/cudy-m18001-pack-2-port-10-100-1000mbps-ax1800-4-anten-masaustu-access-point\/#breadcrumb\"},\"inLanguage\":\"tr\",\"potentialAction\":[{\"@type\":\"ReadAction\",\"target\":[\"https:\/\/arzemteknoloji.com\/index.php\/urun\/cudy-m18001-pack-2-port-10-100-1000mbps-ax1800-4-anten-masaustu-access-point\/\"]}]},{\"@type\":\"ImageObject\",\"inLanguage\":\"tr\",\"@id\":\"https:\/\/arzemteknoloji.com\/index.php\/urun\/cudy-m18001-pack-2-port-10-100-1000mbps-ax1800-4-anten-masaustu-access-point\/#primaryimage\",\"url\":\"https:\/\/arzemteknoloji.com\/wp-content\/uploads\/2024\/05\/x1800-5.jpg\",\"contentUrl\":\"https:\/\/arzemteknoloji.com\/wp-content\/uploads\/2024\/05\/x1800-5.jpg\",\"width\":1000,\"height\":1000},{\"@type\":\"BreadcrumbList\",\"@id\":\"https:\/\/arzemteknoloji.com\/index.php\/urun\/cudy-m18001-pack-2-port-10-100-1000mbps-ax1800-4-anten-masaustu-access-point\/#breadcrumb\",\"itemListElement\":[{\"@type\":\"ListItem\",\"position\":1,\"name\":\"Anasayfa\",\"item\":\"https:\/\/arzemteknoloji.com\/\"},{\"@type\":\"ListItem\",\"position\":2,\"name\":\"Shop\",\"item\":\"https:\/\/arzemteknoloji.com\/index.php\/shop\/\"},{\"@type\":\"ListItem\",\"position\":3,\"name\":\"CUDY M1800(1-Pack) 2 Port 10\/100\/1000Mbps AX1800 4 Anten Masa\u00fcst\u00fc Access Point\"}]},{\"@type\":\"WebSite\",\"@id\":\"https:\/\/arzemteknoloji.com\/#website\",\"url\":\"https:\/\/arzemteknoloji.com\/\",\"name\":\"Arzemteknoloji\",\"description\":\"Teknolojideki Vazge\u00e7ilmeziniz\",\"potentialAction\":[{\"@type\":\"SearchAction\",\"target\":{\"@type\":\"EntryPoint\",\"urlTemplate\":\"https:\/\/arzemteknoloji.com\/?s={search_term_string}\"},\"query-input\":{\"@type\":\"PropertyValueSpecification\",\"valueRequired\":true,\"valueName\":\"search_term_string\"}}],\"inLanguage\":\"tr\"}]}<\/script>\n<!-- \/ Yoast SEO Premium plugin. -->","yoast_head_json":{"title":"CUDY M1800(1-Pack) 2 Port 10\/100\/1000Mbps AX1800 4 Anten Masa\u00fcst\u00fc Access Point - Arzemteknoloji","robots":{"index":"noindex","follow":"follow","max-snippet":"max-snippet:-1","max-image-preview":"max-image-preview:large","max-video-preview":"max-video-preview:-1"},"og_locale":"tr_TR","og_type":"article","og_title":"CUDY M1800(1-Pack) 2 Port 10\/100\/1000Mbps AX1800 4 Anten Masa\u00fcst\u00fc Access Point","og_description":"AX1800 Wi-Fi 6 Mesh Solution 1-Pack, Chipset MediaTek, Dual-Band, 802.11ax\/ac\/a\/b\/g\/n, 1201Mbps at 5GHz + 574Mbps at 2.4GHz, 2 Gigabit Ethernet Ports, 4 internal antennas, MU-MIMO, DDNS, Zerotier\/Wireguard\/OpenVPN\/IPSec\/L2TP\/PPTP VPN, Zerotier, DNS over Cloudflare\/Google\/Quad9, IPv6, Seamless Roaming, WPA3, TR069\/TR098\/TR111\/TR181","og_url":"https:\/\/arzemteknoloji.com\/index.php\/urun\/cudy-m18001-pack-2-port-10-100-1000mbps-ax1800-4-anten-masaustu-access-point\/","og_site_name":"Arzemteknoloji","article_modified_time":"2025-11-13T09:54:01+00:00","og_image":[{"width":1000,"height":1000,"url":"https:\/\/arzemteknoloji.com\/wp-content\/uploads\/2024\/05\/x1800-5.jpg","type":"image\/jpeg"}],"twitter_card":"summary_large_image","twitter_misc":{"Tahmini okuma s\u00fcresi":"2 dakika"},"schema":{"@context":"https:\/\/schema.org","@graph":[{"@type":"WebPage","@id":"https:\/\/arzemteknoloji.com\/index.php\/urun\/cudy-m18001-pack-2-port-10-100-1000mbps-ax1800-4-anten-masaustu-access-point\/","url":"https:\/\/arzemteknoloji.com\/index.php\/urun\/cudy-m18001-pack-2-port-10-100-1000mbps-ax1800-4-anten-masaustu-access-point\/","name":"CUDY M1800(1-Pack) 2 Port 10\/100\/1000Mbps AX1800 4 Anten Masa\u00fcst\u00fc Access Point - Arzemteknoloji","isPartOf":{"@id":"https:\/\/arzemteknoloji.com\/#website"},"primaryImageOfPage":{"@id":"https:\/\/arzemteknoloji.com\/index.php\/urun\/cudy-m18001-pack-2-port-10-100-1000mbps-ax1800-4-anten-masaustu-access-point\/#primaryimage"},"image":{"@id":"https:\/\/arzemteknoloji.com\/index.php\/urun\/cudy-m18001-pack-2-port-10-100-1000mbps-ax1800-4-anten-masaustu-access-point\/#primaryimage"},"thumbnailUrl":"https:\/\/arzemteknoloji.com\/wp-content\/uploads\/2024\/05\/x1800-5.jpg","datePublished":"2024-05-14T08:42:20+00:00","dateModified":"2025-11-13T09:54:01+00:00","breadcrumb":{"@id":"https:\/\/arzemteknoloji.com\/index.php\/urun\/cudy-m18001-pack-2-port-10-100-1000mbps-ax1800-4-anten-masaustu-access-point\/#breadcrumb"},"inLanguage":"tr","potentialAction":[{"@type":"ReadAction","target":["https:\/\/arzemteknoloji.com\/index.php\/urun\/cudy-m18001-pack-2-port-10-100-1000mbps-ax1800-4-anten-masaustu-access-point\/"]}]},{"@type":"ImageObject","inLanguage":"tr","@id":"https:\/\/arzemteknoloji.com\/index.php\/urun\/cudy-m18001-pack-2-port-10-100-1000mbps-ax1800-4-anten-masaustu-access-point\/#primaryimage","url":"https:\/\/arzemteknoloji.com\/wp-content\/uploads\/2024\/05\/x1800-5.jpg","contentUrl":"https:\/\/arzemteknoloji.com\/wp-content\/uploads\/2024\/05\/x1800-5.jpg","width":1000,"height":1000},{"@type":"BreadcrumbList","@id":"https:\/\/arzemteknoloji.com\/index.php\/urun\/cudy-m18001-pack-2-port-10-100-1000mbps-ax1800-4-anten-masaustu-access-point\/#breadcrumb","itemListElement":[{"@type":"ListItem","position":1,"name":"Anasayfa","item":"https:\/\/arzemteknoloji.com\/"},{"@type":"ListItem","position":2,"name":"Shop","item":"https:\/\/arzemteknoloji.com\/index.php\/shop\/"},{"@type":"ListItem","position":3,"name":"CUDY M1800(1-Pack) 2 Port 10\/100\/1000Mbps AX1800 4 Anten Masa\u00fcst\u00fc Access Point"}]},{"@type":"WebSite","@id":"https:\/\/arzemteknoloji.com\/#website","url":"https:\/\/arzemteknoloji.com\/","name":"Arzemteknoloji","description":"Teknolojideki Vazge\u00e7ilmeziniz","potentialAction":[{"@type":"SearchAction","target":{"@type":"EntryPoint","urlTemplate":"https:\/\/arzemteknoloji.com\/?s={search_term_string}"},"query-input":{"@type":"PropertyValueSpecification","valueRequired":true,"valueName":"search_term_string"}}],"inLanguage":"tr"}]}},"jetpack_sharing_enabled":true,"_links":{"self":[{"href":"https:\/\/arzemteknoloji.com\/index.php\/wp-json\/wp\/v2\/product\/334"}],"collection":[{"href":"https:\/\/arzemteknoloji.com\/index.php\/wp-json\/wp\/v2\/product"}],"about":[{"href":"https:\/\/arzemteknoloji.com\/index.php\/wp-json\/wp\/v2\/types\/product"}],"replies":[{"embeddable":true,"href":"https:\/\/arzemteknoloji.com\/index.php\/wp-json\/wp\/v2\/comments?post=334"}],"version-history":[{"count":7,"href":"https:\/\/arzemteknoloji.com\/index.php\/wp-json\/wp\/v2\/product\/334\/revisions"}],"predecessor-version":[{"id":24029,"href":"https:\/\/arzemteknoloji.com\/index.php\/wp-json\/wp\/v2\/product\/334\/revisions\/24029"}],"wp:featuredmedia":[{"embeddable":true,"href":"https:\/\/arzemteknoloji.com\/index.php\/wp-json\/wp\/v2\/media\/23929"}],"wp:attachment":[{"href":"https:\/\/arzemteknoloji.com\/index.php\/wp-json\/wp\/v2\/media?parent=334"}],"wp:term":[{"taxonomy":"product_cat","embeddable":true,"href":"https:\/\/arzemteknoloji.com\/index.php\/wp-json\/wp\/v2\/product_cat?post=334"},{"taxonomy":"product_tag","embeddable":true,"href":"https:\/\/arzemteknoloji.com\/index.php\/wp-json\/wp\/v2\/product_tag?post=334"}],"curies":[{"name":"wp","href":"https:\/\/api.w.org\/{rel}","templated":true}]}}