{"id":344,"date":"2021-08-27T11:48:12","date_gmt":"2021-08-27T11:48:12","guid":{"rendered":"http:\/\/dummy.xtemos.com\/woodmart2\/elementor\/?post_type=product&#038;p=344"},"modified":"2025-10-22T07:46:08","modified_gmt":"2025-10-22T04:46:08","slug":"cudy-wr1200-5-port-10-100mbps-ac1200-4-anten-masaustu-router","status":"publish","type":"product","link":"https:\/\/arzemteknoloji.com\/index.php\/urun\/cudy-wr1200-5-port-10-100mbps-ac1200-4-anten-masaustu-router\/","title":{"rendered":"CUDY WR1200 5 Port 10\/100Mbps AC1200 4 Anten Masa\u00fcst\u00fc Router"},"content":{"rendered":"\t\t<div data-elementor-type=\"wp-post\" data-elementor-id=\"344\" class=\"elementor elementor-344\" data-elementor-post-type=\"product\">\n\t\t\t\t<div class=\"elementor-element elementor-element-8fe9a00 e-flex e-con-boxed e-con e-parent\" data-id=\"8fe9a00\" data-element_type=\"container\">\n\t\t\t\t\t<div class=\"e-con-inner\">\n\t\t<div class=\"elementor-element elementor-element-430e551 e-con-full e-flex e-con e-child\" data-id=\"430e551\" data-element_type=\"container\">\n\t\t\t\t<div class=\"elementor-element elementor-element-05c1d79 elementor-widget elementor-widget-wd_text_block\" data-id=\"05c1d79\" data-element_type=\"widget\" data-widget_type=\"wd_text_block.default\">\n\t\t\t\t<div class=\"elementor-widget-container\">\n\t\t\t\t\t\t\t<div class=\"wd-text-block reset-last-child text-left\">\n\t\t\t\n\t\t\t<h6><strong>AC1200 Wi-Fi<\/strong><\/h6><h6><strong>5\u00d7 10\/100 Mbps Ethernet Portu<\/strong><\/h6><h6><strong>4\u00d7 5 dBi High-Gain Anten<\/strong><\/h6><h6><strong>SPI Firewall<\/strong><\/h6><h6><strong>Guest Network<\/strong><\/h6><h6><strong>PPTP\/L2TP VPN Client<\/strong><\/h6><h6><strong>Multi-Mode: Router\/AP\/RE\/WISP<\/strong><\/h6><h6><strong>Yeni Nesil Wi-Fi'ye Ge\u00e7i\u015f Yap\u0131n<\/strong><\/h6><h6><strong>Cudy WR1200 ile kablosuz h\u0131zlar\u0131nda 1.2Gbps'ye kadar destek alarak, \u00e7evrimi\u00e7i oyun ve HD video yay\u0131n\u0131 i\u00e7in daha iyi bir deneyim ya\u015fay\u0131n.<\/strong><\/h6><h6><strong>Ak\u0131\u015f H\u0131zlar\u0131nda En Son Wifi Standard\u0131<\/strong><\/h6><h6><strong>En son Wi-Fi standard\u0131 olan 802.11ac ile birlikte gelen WR1200, uygulamalar\u0131 \u00f6nceki Routerlere g\u00f6re \u00fc\u00e7 kat daha h\u0131zl\u0131 \u00e7al\u0131\u015ft\u0131rabilir.<\/strong><\/h6><h6>\u00a0<\/h6>\n\t\t\t\t\t<\/div>\n\t\t\t\t\t\t<\/div>\n\t\t\t\t<\/div>\n\t\t\t\t<\/div>\n\t\t<div class=\"elementor-element elementor-element-c189e30 e-con-full e-flex e-con e-child\" data-id=\"c189e30\" data-element_type=\"container\">\n\t\t\t\t<div class=\"elementor-element elementor-element-a18d0ec elementor-widget elementor-widget-wd_text_block\" data-id=\"a18d0ec\" data-element_type=\"widget\" data-widget_type=\"wd_text_block.default\">\n\t\t\t\t<div class=\"elementor-widget-container\">\n\t\t\t\t\t\t\t<div class=\"wd-text-block reset-last-child text-left\">\n\t\t\t\n\t\t\t<h6>\u00c7ift Bantl\u0131 Wi-Fi Maksimum Esneklik<\/h6><h6>2,4 GHz son derece uzun bir menzil sa\u011flar. kapsama. 5 GHz, 867 Mbps'ye ula\u015f\u0131r; oyun ve ak\u0131\u015f.<\/h6><h6>Y\u00fcksek Kazan\u00e7l\u0131 Antenler Art\u0131r\u0131lm\u0131\u015f En Uzun Menzil<\/h6><h6>Y\u00fcksek kazan\u00e7l\u0131 antenler, Router hassasiyetini art\u0131r\u0131r ve daha uzun mesafelerde ba\u011flant\u0131lar olu\u015fturarak duvarlardan g\u00fc\u00e7l\u00fc penetrasyon (Engel a\u015fmada g\u00fcc\u00fc) sa\u011flar.<\/h6><h6>Ev G\u00fcvenli\u011fi<\/h6><h6>\u00c7evrimi\u00e7iyken gizlili\u011finizin g\u00fcvende oldu\u011fundan emin olmam\u0131za yard\u0131mc\u0131 olmak i\u00e7in a\u011f\u0131n\u0131zda y\u00fcksek g\u00fcvenlik sa\u011flay\u0131n.<\/h6><h6>Misafir a\u011f\u0131 (Guest network) ve Aile a\u011f\u0131na (Family network) ayr\u0131 ayr\u0131 eri\u015fim<\/h6><h6>Firewall korumas\u0131, k\u00f6t\u00fc niyetli s\u0131zmalar\u0131n a\u011f\u0131n\u0131za eri\u015fmesini engeller.<\/h6><h6>Mac ve IP filtreleme istenmeyen istemcileri engeller.<\/h6>\n\t\t\t\t\t<\/div>\n\t\t\t\t\t\t<\/div>\n\t\t\t\t<\/div>\n\t\t\t\t<\/div>\n\t\t<div class=\"elementor-element elementor-element-cd2d9d5 e-con-full e-flex e-con e-child\" data-id=\"cd2d9d5\" data-element_type=\"container\">\n\t\t\t\t<div class=\"elementor-element elementor-element-637df21 elementor-widget elementor-widget-wd_text_block\" data-id=\"637df21\" data-element_type=\"widget\" data-widget_type=\"wd_text_block.default\">\n\t\t\t\t<div class=\"elementor-widget-container\">\n\t\t\t\t\t\t\t<div class=\"wd-text-block reset-last-child text-left\">\n\t\t\t\n\t\t\t<h2 class=\"font-size-25 text-lh-1dot2 mb-1\"><span data-sider-select-id=\"9cde9765-2c32-42e7-ab5e-92351505427d\">CUDY WR1200 5 Port 10\/100Mbps AC1200 4 Anten Masa\u00fcst\u00fc Router<\/span><\/h2><p class=\"mb-1 GunesSariColor font-weight-bold\">AC1200 Dual Band Wi-Fi Router, Chipset MediaTek, 802.11ac\/a\/b\/g\/n, 867Mbps at 5GHz + 300Mbps at 2.4GHz, 5 \u00d7 10\/100Mbps Ports, WiFi router\/AP\/ Repeater\/WISP Mode,4 5dBi fixed antennas, Guest network, WPS, DDNS, VPN Client, IPv6,TR069\/TR098\/TR111\/TR181<\/p>\n\t\t\t\t\t<\/div>\n\t\t\t\t\t\t<\/div>\n\t\t\t\t<\/div>\n\t\t\t\t<\/div>\n\t\t\t\t\t<\/div>\n\t\t\t\t<\/div>\n\t\t\t\t<\/div>\n\t\t","protected":false},"excerpt":{"rendered":"<h2 class=\"font-size-25 text-lh-1dot2 mb-1\"><span data-sider-select-id=\"06d8cae6-02a4-4c72-9714-6077822688b1\">CUDY WR1200 5 Port 10\/100Mbps AC1200 4 Anten Masa\u00fcst\u00fc Router<\/span><\/h2>\n<p class=\"mb-1 GunesSariColor font-weight-bold\">AC1200 Dual Band Wi-Fi Router, Chipset MediaTek, 802.11ac\/a\/b\/g\/n, 867Mbps at 5GHz + 300Mbps at 2.4GHz, 5 \u00d7 10\/100Mbps Ports, WiFi router\/AP\/ Repeater\/WISP Mode,4 5dBi fixed antennas, Guest network, WPS, DDNS, VPN Client, IPv6,TR069\/TR098\/TR111\/TR181<\/p>\n","protected":false},"featured_media":23911,"comment_status":"open","ping_status":"closed","template":"","meta":[],"product_cat":[118],"product_tag":[121,123,120,122,119,124],"yoast_head":"<!-- This site is optimized with the Yoast SEO Premium plugin v22.1 (Yoast SEO v24.1) - https:\/\/yoast.com\/wordpress\/plugins\/seo\/ -->\n<title>CUDY WR1200 5 Port 10\/100Mbps AC1200 4 Anten Masa\u00fcst\u00fc Router - Arzemteknoloji<\/title>\n<meta name=\"robots\" content=\"noindex, follow, max-snippet:-1, max-image-preview:large, max-video-preview:-1\" \/>\n<meta property=\"og:locale\" content=\"tr_TR\" \/>\n<meta property=\"og:type\" content=\"article\" \/>\n<meta property=\"og:title\" content=\"CUDY WR1200 5 Port 10\/100Mbps AC1200 4 Anten Masa\u00fcst\u00fc Router\" \/>\n<meta property=\"og:description\" content=\"CUDY WR1200 5 Port 10\/100Mbps AC1200 4 Anten Masa\u00fcst\u00fc Router AC1200 Dual Band Wi-Fi Router, Chipset MediaTek, 802.11ac\/a\/b\/g\/n, 867Mbps at 5GHz + 300Mbps at 2.4GHz, 5 \u00d7 10\/100Mbps Ports, WiFi router\/AP\/ Repeater\/WISP Mode,4 5dBi fixed antennas, Guest network, WPS, DDNS, VPN Client, IPv6,TR069\/TR098\/TR111\/TR181\" \/>\n<meta property=\"og:url\" content=\"https:\/\/arzemteknoloji.com\/index.php\/urun\/cudy-wr1200-5-port-10-100mbps-ac1200-4-anten-masaustu-router\/\" \/>\n<meta property=\"og:site_name\" content=\"Arzemteknoloji\" \/>\n<meta property=\"article:modified_time\" content=\"2025-10-22T04:46:08+00:00\" \/>\n<meta property=\"og:image\" content=\"https:\/\/arzemteknoloji.com\/wp-content\/uploads\/2021\/08\/8.jpg\" \/>\n\t<meta property=\"og:image:width\" content=\"1000\" \/>\n\t<meta property=\"og:image:height\" content=\"1000\" \/>\n\t<meta property=\"og:image:type\" content=\"image\/jpeg\" \/>\n<meta name=\"twitter:card\" content=\"summary_large_image\" \/>\n<meta name=\"twitter:label1\" content=\"Tahmini okuma s\u00fcresi\" \/>\n\t<meta name=\"twitter:data1\" content=\"2 dakika\" \/>\n<script type=\"application\/ld+json\" class=\"yoast-schema-graph\">{\"@context\":\"https:\/\/schema.org\",\"@graph\":[{\"@type\":\"WebPage\",\"@id\":\"https:\/\/arzemteknoloji.com\/index.php\/urun\/cudy-wr1200-5-port-10-100mbps-ac1200-4-anten-masaustu-router\/\",\"url\":\"https:\/\/arzemteknoloji.com\/index.php\/urun\/cudy-wr1200-5-port-10-100mbps-ac1200-4-anten-masaustu-router\/\",\"name\":\"CUDY WR1200 5 Port 10\/100Mbps AC1200 4 Anten Masa\u00fcst\u00fc Router - Arzemteknoloji\",\"isPartOf\":{\"@id\":\"https:\/\/arzemteknoloji.com\/#website\"},\"primaryImageOfPage\":{\"@id\":\"https:\/\/arzemteknoloji.com\/index.php\/urun\/cudy-wr1200-5-port-10-100mbps-ac1200-4-anten-masaustu-router\/#primaryimage\"},\"image\":{\"@id\":\"https:\/\/arzemteknoloji.com\/index.php\/urun\/cudy-wr1200-5-port-10-100mbps-ac1200-4-anten-masaustu-router\/#primaryimage\"},\"thumbnailUrl\":\"https:\/\/arzemteknoloji.com\/wp-content\/uploads\/2021\/08\/8.jpg\",\"datePublished\":\"2021-08-27T11:48:12+00:00\",\"dateModified\":\"2025-10-22T04:46:08+00:00\",\"breadcrumb\":{\"@id\":\"https:\/\/arzemteknoloji.com\/index.php\/urun\/cudy-wr1200-5-port-10-100mbps-ac1200-4-anten-masaustu-router\/#breadcrumb\"},\"inLanguage\":\"tr\",\"potentialAction\":[{\"@type\":\"ReadAction\",\"target\":[\"https:\/\/arzemteknoloji.com\/index.php\/urun\/cudy-wr1200-5-port-10-100mbps-ac1200-4-anten-masaustu-router\/\"]}]},{\"@type\":\"ImageObject\",\"inLanguage\":\"tr\",\"@id\":\"https:\/\/arzemteknoloji.com\/index.php\/urun\/cudy-wr1200-5-port-10-100mbps-ac1200-4-anten-masaustu-router\/#primaryimage\",\"url\":\"https:\/\/arzemteknoloji.com\/wp-content\/uploads\/2021\/08\/8.jpg\",\"contentUrl\":\"https:\/\/arzemteknoloji.com\/wp-content\/uploads\/2021\/08\/8.jpg\",\"width\":1000,\"height\":1000},{\"@type\":\"BreadcrumbList\",\"@id\":\"https:\/\/arzemteknoloji.com\/index.php\/urun\/cudy-wr1200-5-port-10-100mbps-ac1200-4-anten-masaustu-router\/#breadcrumb\",\"itemListElement\":[{\"@type\":\"ListItem\",\"position\":1,\"name\":\"Anasayfa\",\"item\":\"https:\/\/arzemteknoloji.com\/\"},{\"@type\":\"ListItem\",\"position\":2,\"name\":\"Shop\",\"item\":\"https:\/\/arzemteknoloji.com\/index.php\/shop\/\"},{\"@type\":\"ListItem\",\"position\":3,\"name\":\"CUDY WR1200 5 Port 10\/100Mbps AC1200 4 Anten Masa\u00fcst\u00fc Router\"}]},{\"@type\":\"WebSite\",\"@id\":\"https:\/\/arzemteknoloji.com\/#website\",\"url\":\"https:\/\/arzemteknoloji.com\/\",\"name\":\"Arzemteknoloji\",\"description\":\"Teknolojideki Vazge\u00e7ilmeziniz\",\"potentialAction\":[{\"@type\":\"SearchAction\",\"target\":{\"@type\":\"EntryPoint\",\"urlTemplate\":\"https:\/\/arzemteknoloji.com\/?s={search_term_string}\"},\"query-input\":{\"@type\":\"PropertyValueSpecification\",\"valueRequired\":true,\"valueName\":\"search_term_string\"}}],\"inLanguage\":\"tr\"}]}<\/script>\n<!-- \/ Yoast SEO Premium plugin. -->","yoast_head_json":{"title":"CUDY WR1200 5 Port 10\/100Mbps AC1200 4 Anten Masa\u00fcst\u00fc Router - Arzemteknoloji","robots":{"index":"noindex","follow":"follow","max-snippet":"max-snippet:-1","max-image-preview":"max-image-preview:large","max-video-preview":"max-video-preview:-1"},"og_locale":"tr_TR","og_type":"article","og_title":"CUDY WR1200 5 Port 10\/100Mbps AC1200 4 Anten Masa\u00fcst\u00fc Router","og_description":"CUDY WR1200 5 Port 10\/100Mbps AC1200 4 Anten Masa\u00fcst\u00fc Router AC1200 Dual Band Wi-Fi Router, Chipset MediaTek, 802.11ac\/a\/b\/g\/n, 867Mbps at 5GHz + 300Mbps at 2.4GHz, 5 \u00d7 10\/100Mbps Ports, WiFi router\/AP\/ Repeater\/WISP Mode,4 5dBi fixed antennas, Guest network, WPS, DDNS, VPN Client, IPv6,TR069\/TR098\/TR111\/TR181","og_url":"https:\/\/arzemteknoloji.com\/index.php\/urun\/cudy-wr1200-5-port-10-100mbps-ac1200-4-anten-masaustu-router\/","og_site_name":"Arzemteknoloji","article_modified_time":"2025-10-22T04:46:08+00:00","og_image":[{"width":1000,"height":1000,"url":"https:\/\/arzemteknoloji.com\/wp-content\/uploads\/2021\/08\/8.jpg","type":"image\/jpeg"}],"twitter_card":"summary_large_image","twitter_misc":{"Tahmini okuma s\u00fcresi":"2 dakika"},"schema":{"@context":"https:\/\/schema.org","@graph":[{"@type":"WebPage","@id":"https:\/\/arzemteknoloji.com\/index.php\/urun\/cudy-wr1200-5-port-10-100mbps-ac1200-4-anten-masaustu-router\/","url":"https:\/\/arzemteknoloji.com\/index.php\/urun\/cudy-wr1200-5-port-10-100mbps-ac1200-4-anten-masaustu-router\/","name":"CUDY WR1200 5 Port 10\/100Mbps AC1200 4 Anten Masa\u00fcst\u00fc Router - Arzemteknoloji","isPartOf":{"@id":"https:\/\/arzemteknoloji.com\/#website"},"primaryImageOfPage":{"@id":"https:\/\/arzemteknoloji.com\/index.php\/urun\/cudy-wr1200-5-port-10-100mbps-ac1200-4-anten-masaustu-router\/#primaryimage"},"image":{"@id":"https:\/\/arzemteknoloji.com\/index.php\/urun\/cudy-wr1200-5-port-10-100mbps-ac1200-4-anten-masaustu-router\/#primaryimage"},"thumbnailUrl":"https:\/\/arzemteknoloji.com\/wp-content\/uploads\/2021\/08\/8.jpg","datePublished":"2021-08-27T11:48:12+00:00","dateModified":"2025-10-22T04:46:08+00:00","breadcrumb":{"@id":"https:\/\/arzemteknoloji.com\/index.php\/urun\/cudy-wr1200-5-port-10-100mbps-ac1200-4-anten-masaustu-router\/#breadcrumb"},"inLanguage":"tr","potentialAction":[{"@type":"ReadAction","target":["https:\/\/arzemteknoloji.com\/index.php\/urun\/cudy-wr1200-5-port-10-100mbps-ac1200-4-anten-masaustu-router\/"]}]},{"@type":"ImageObject","inLanguage":"tr","@id":"https:\/\/arzemteknoloji.com\/index.php\/urun\/cudy-wr1200-5-port-10-100mbps-ac1200-4-anten-masaustu-router\/#primaryimage","url":"https:\/\/arzemteknoloji.com\/wp-content\/uploads\/2021\/08\/8.jpg","contentUrl":"https:\/\/arzemteknoloji.com\/wp-content\/uploads\/2021\/08\/8.jpg","width":1000,"height":1000},{"@type":"BreadcrumbList","@id":"https:\/\/arzemteknoloji.com\/index.php\/urun\/cudy-wr1200-5-port-10-100mbps-ac1200-4-anten-masaustu-router\/#breadcrumb","itemListElement":[{"@type":"ListItem","position":1,"name":"Anasayfa","item":"https:\/\/arzemteknoloji.com\/"},{"@type":"ListItem","position":2,"name":"Shop","item":"https:\/\/arzemteknoloji.com\/index.php\/shop\/"},{"@type":"ListItem","position":3,"name":"CUDY WR1200 5 Port 10\/100Mbps AC1200 4 Anten Masa\u00fcst\u00fc Router"}]},{"@type":"WebSite","@id":"https:\/\/arzemteknoloji.com\/#website","url":"https:\/\/arzemteknoloji.com\/","name":"Arzemteknoloji","description":"Teknolojideki Vazge\u00e7ilmeziniz","potentialAction":[{"@type":"SearchAction","target":{"@type":"EntryPoint","urlTemplate":"https:\/\/arzemteknoloji.com\/?s={search_term_string}"},"query-input":{"@type":"PropertyValueSpecification","valueRequired":true,"valueName":"search_term_string"}}],"inLanguage":"tr"}]}},"jetpack_sharing_enabled":true,"_links":{"self":[{"href":"https:\/\/arzemteknoloji.com\/index.php\/wp-json\/wp\/v2\/product\/344"}],"collection":[{"href":"https:\/\/arzemteknoloji.com\/index.php\/wp-json\/wp\/v2\/product"}],"about":[{"href":"https:\/\/arzemteknoloji.com\/index.php\/wp-json\/wp\/v2\/types\/product"}],"replies":[{"embeddable":true,"href":"https:\/\/arzemteknoloji.com\/index.php\/wp-json\/wp\/v2\/comments?post=344"}],"version-history":[{"count":6,"href":"https:\/\/arzemteknoloji.com\/index.php\/wp-json\/wp\/v2\/product\/344\/revisions"}],"predecessor-version":[{"id":24032,"href":"https:\/\/arzemteknoloji.com\/index.php\/wp-json\/wp\/v2\/product\/344\/revisions\/24032"}],"wp:featuredmedia":[{"embeddable":true,"href":"https:\/\/arzemteknoloji.com\/index.php\/wp-json\/wp\/v2\/media\/23911"}],"wp:attachment":[{"href":"https:\/\/arzemteknoloji.com\/index.php\/wp-json\/wp\/v2\/media?parent=344"}],"wp:term":[{"taxonomy":"product_cat","embeddable":true,"href":"https:\/\/arzemteknoloji.com\/index.php\/wp-json\/wp\/v2\/product_cat?post=344"},{"taxonomy":"product_tag","embeddable":true,"href":"https:\/\/arzemteknoloji.com\/index.php\/wp-json\/wp\/v2\/product_tag?post=344"}],"curies":[{"name":"wp","href":"https:\/\/api.w.org\/{rel}","templated":true}]}}