{"id":372,"date":"2024-05-14T11:59:19","date_gmt":"2024-05-14T08:59:19","guid":{"rendered":"http:\/\/dummy.xtemos.com\/woodmart2\/elementor\/?post_type=product&#038;p=372"},"modified":"2024-05-14T10:46:44","modified_gmt":"2024-05-14T07:46:44","slug":"lenovo-v15-g3-82tt008ptx-i5-1235u-16gb-512gb-ssd-o-b-intel-iris-xe-15-6-dos-siyah-notebook","status":"publish","type":"product","link":"https:\/\/arzemteknoloji.com\/index.php\/urun\/lenovo-v15-g3-82tt008ptx-i5-1235u-16gb-512gb-ssd-o-b-intel-iris-xe-15-6-dos-siyah-notebook\/","title":{"rendered":"LENOVO V15 G3 82TT008PTX i5-1235U 16GB 512GB SSD O\/B Intel Iris Xe 15.6&#8243; DOS Siyah Notebook"},"content":{"rendered":"\t\t<div data-elementor-type=\"wp-post\" data-elementor-id=\"372\" class=\"elementor elementor-372\" data-elementor-post-type=\"product\">\n\t\t\t\t<div class=\"elementor-element elementor-element-53eea44 e-flex e-con-boxed e-con e-parent\" data-id=\"53eea44\" data-element_type=\"container\">\n\t\t\t\t\t<div class=\"e-con-inner\">\n\t\t<div class=\"elementor-element elementor-element-cc8e042 e-con-full e-flex e-con e-child\" data-id=\"cc8e042\" data-element_type=\"container\">\n\t\t\t\t<div class=\"elementor-element elementor-element-4a8a87a elementor-widget elementor-widget-wd_text_block\" data-id=\"4a8a87a\" data-element_type=\"widget\" data-widget_type=\"wd_text_block.default\">\n\t\t\t\t<div class=\"elementor-widget-container\">\n\t\t\t\t\t\t\t<div class=\"wd-text-block reset-last-child text-left\">\n\t\t\t\n\t\t\t<table class=\"table table-hover table-striped \"><tbody><tr><th class=\"px-4 px-xl-5 border-top-0\" data-sider-select-id=\"53066131-39c7-4196-ac69-87ef48bd621d\">Marka<\/th><td class=\"border-top-0\">LENOVO<\/td><\/tr><tr><th class=\"px-4 px-xl-5 border-top-0\">Model<\/th><td class=\"border-top-0\">V15 G3 IAP<\/td><\/tr><tr><th class=\"px-4 px-xl-5 border-top-0\">\u00dcr\u00fcn Kodu<\/th><td class=\"border-top-0\">82TT008PTX<\/td><\/tr><tr><th class=\"px-4 px-xl-5 border-top-0\">\u0130\u015flemci<\/th><td class=\"border-top-0\">Intel\u00ae Core\u2122 i5-1235U, 10C (2P + 8E) \/ 12T, P-core 1.3 \/ 4.4GHz, E-core 0.9 \/ 3.3GHz, 12MB<\/td><\/tr><tr><th class=\"px-4 px-xl-5 border-top-0\">Bellek<\/th><td class=\"border-top-0\">16GB DDR4 3200 Mhz (8gb \u00e7ak\u0131l\u0131, 8gb yuvada)<\/td><\/tr><tr><th class=\"px-4 px-xl-5 border-top-0\">Sabit Disk HDD\/SSD<\/th><td class=\"border-top-0\">512GB SSD M.2 2242 PCIe\u00ae 4.0x4 NVMe\u00ae<\/td><\/tr><tr><th class=\"px-4 px-xl-5 border-top-0\">Monit\u00f6r<\/th><td class=\"border-top-0\">15.6\" FHD (1920x1080) TN 250nits Anti-glare<\/td><\/tr><tr><th class=\"px-4 px-xl-5 border-top-0\">Ekran Kart\u0131<\/th><td class=\"border-top-0\">T\u00fcmle\u015fik Intel Iris Xe Graphics<\/td><\/tr><tr><th class=\"px-4 px-xl-5 border-top-0\">\u0130\u015fletim Sistemi - Yaz\u0131l\u0131m<\/th><td class=\"border-top-0\">DOS<\/td><\/tr><tr><th class=\"px-4 px-xl-5 border-top-0\">A\u011f-\u0130leti\u015fim<\/th><td class=\"border-top-0\">Glan, 11ac, 2x2 + BT5.1<\/td><\/tr><tr><th class=\"px-4 px-xl-5 border-top-0\">USB Port<\/th><td class=\"border-top-0\">1x USB 3.2 Gen 1, 1x USB-C 3.2 Gen 1 (support data transfer only), 1x USB 2.0<\/td><\/tr><tr><th class=\"px-4 px-xl-5 border-top-0\">HDMI Port<\/th><td class=\"border-top-0\">1xHDMI 1.4b<\/td><\/tr><tr><th class=\"px-4 px-xl-5 border-top-0\">Di\u011fer Portlar<\/th><td class=\"border-top-0\">headphone \/ microphone combo jack (3.5mm)<\/td><\/tr><tr><th class=\"px-4 px-xl-5 border-top-0\">Kart Okuyucu<\/th><td class=\"border-top-0\">Yok<\/td><\/tr><\/tbody><\/table>\n\t\t\t\t\t<\/div>\n\t\t\t\t\t\t<\/div>\n\t\t\t\t<\/div>\n\t\t\t\t<\/div>\n\t\t\t\t<div class=\"elementor-element elementor-element-3786c41 elementor-widget__width-initial elementor-widget elementor-widget-wd_text_block\" data-id=\"3786c41\" data-element_type=\"widget\" data-widget_type=\"wd_text_block.default\">\n\t\t\t\t<div class=\"elementor-widget-container\">\n\t\t\t\t\t\t\t<div class=\"wd-text-block reset-last-child text-left\">\n\t\t\t\n\t\t\t<table class=\"table table-hover table-striped \"><tbody><tr><th class=\"px-4 px-xl-5 border-top-0\" data-sider-select-id=\"708ad147-8968-468f-a3a9-4020b2f6c968\">Optik S\u00fcr\u00fcc\u00fc<\/th><td class=\"border-top-0\">Yok<\/td><\/tr><tr><th class=\"px-4 px-xl-5 border-top-0\">Entegre Webcam<\/th><td class=\"border-top-0\">HD 720p with Privacy Shutter<\/td><\/tr><tr><th class=\"px-4 px-xl-5 border-top-0\">Batarya-Pil<\/th><td class=\"border-top-0\">Integrated 38Wh, 65W Round Tip (2-pin, Wall-mount)<\/td><\/tr><tr><th class=\"px-4 px-xl-5 border-top-0\">Ses Sistemi<\/th><td class=\"border-top-0\">High Definition (HD) Audio, Realtek ALC3287 codec, Stereo speakers, 1.5W x2, Dolby Audio<\/td><\/tr><tr><th class=\"px-4 px-xl-5 border-top-0\">Klavye-Mouse<\/th><td class=\"border-top-0\">Q T\u00fcrk\u00e7e - Touchpad<\/td><\/tr><tr><th class=\"px-4 px-xl-5 border-top-0\">A\u011f\u0131rl\u0131k<\/th><td class=\"border-top-0\">Ba\u015flang\u0131\u00e7 1.70 kg<\/td><\/tr><tr><th class=\"px-4 px-xl-5 border-top-0\">Boyutlar<\/th><td class=\"border-top-0\">359.2 x 235.8 x 19.9 mm<\/td><\/tr><tr><th class=\"px-4 px-xl-5 border-top-0\">Parmak izi Okuyucu<\/th><td class=\"border-top-0\">Yok<\/td><\/tr><tr><th class=\"px-4 px-xl-5 border-top-0\">Renk<\/th><td class=\"border-top-0\">Siyah<\/td><\/tr><tr><th class=\"px-4 px-xl-5 border-top-0\" data-sider-select-id=\"5beaed02-9976-4200-ace1-ccb5a52e54bd\">Di\u011fer - A\u00e7\u0131klama<\/th><td class=\"border-top-0\">Firmware TPM 2.0 Enabled, Kensington Nano Security Slot<\/td><\/tr><tr><th class=\"px-4 px-xl-5 border-top-0\">Garanti S\u00fcresi<\/th><td class=\"border-top-0\">24 ay<\/td><\/tr><tr><th class=\"px-4 px-xl-5 border-top-0\">EAN Kodu<\/th><td class=\"border-top-0\">\"196802995627\"<\/td><\/tr><tr><th class=\"px-4 px-xl-5 border-top-0\">\u00dcretici link<\/th><td class=\"border-top-0\">https:\/\/psref.lenovo.com\/Detail\/Lenovo\/Lenovo_V15_G3_IAP?M=82TT008PTX<\/td><\/tr><\/tbody><\/table>\n\t\t\t\t\t<\/div>\n\t\t\t\t\t\t<\/div>\n\t\t\t\t<\/div>\n\t\t<div class=\"elementor-element elementor-element-738f371 e-con-full e-flex e-con e-child\" data-id=\"738f371\" data-element_type=\"container\">\n\t\t\t\t<div class=\"elementor-element elementor-element-5586eab elementor-widget elementor-widget-wd_image_or_svg\" data-id=\"5586eab\" data-element_type=\"widget\" data-widget_type=\"wd_image_or_svg.default\">\n\t\t\t\t<div class=\"elementor-widget-container\">\n\t\t\t\t\t\n\t\t<div class=\"wd-image text-left\">\n\t\t\t\t\t\t\t\t<img fetchpriority=\"high\" decoding=\"async\" width=\"477\" height=\"378\" src=\"https:\/\/arzemteknoloji.com\/wp-content\/uploads\/2024\/05\/v15.jpg\" class=\"attachment-full size-full\" alt=\"\" srcset=\"https:\/\/arzemteknoloji.com\/wp-content\/uploads\/2024\/05\/v15.jpg 477w, https:\/\/arzemteknoloji.com\/wp-content\/uploads\/2024\/05\/v15-379x300.jpg 379w, https:\/\/arzemteknoloji.com\/wp-content\/uploads\/2024\/05\/v15-430x341.jpg 430w, https:\/\/arzemteknoloji.com\/wp-content\/uploads\/2024\/05\/v15-150x119.jpg 150w\" sizes=\"(max-width: 477px) 100vw, 477px\" \/>\t\t\t\t\t<\/div>\n\n\t\t\t\t\t\t<\/div>\n\t\t\t\t<\/div>\n\t\t\t\t<\/div>\n\t\t\t\t\t<\/div>\n\t\t\t\t<\/div>\n\t\t\t\t<\/div>\n\t\t","protected":false},"excerpt":{"rendered":"<h2 class=\"font-size-25 text-lh-1dot2 mb-1\"><span data-sider-select-id=\"22116583-1727-442b-9ab3-97afc653e48c\">LENOVO V15 G3 82TT008PTX i5-1235U 16GB 512GB SSD O\/B Intel Iris Xe 15.6&#8243; DOS Siyah Notebook<\/span><\/h2>\n","protected":false},"featured_media":23880,"comment_status":"open","ping_status":"closed","template":"","meta":[],"product_cat":[90,32],"product_tag":[112,113,110,109,111,115,107,116,114,85,108],"yoast_head":"<!-- This site is optimized with the Yoast SEO Premium plugin v22.1 (Yoast SEO v24.1) - https:\/\/yoast.com\/wordpress\/plugins\/seo\/ -->\n<title>LENOVO V15 G3 82TT008PTX i5-1235U 16GB 512GB SSD O\/B Intel Iris Xe 15.6&quot; DOS Siyah Notebook - Arzemteknoloji<\/title>\n<meta name=\"robots\" content=\"noindex, follow, max-snippet:-1, max-image-preview:large, max-video-preview:-1\" \/>\n<meta property=\"og:locale\" content=\"tr_TR\" \/>\n<meta property=\"og:type\" content=\"article\" \/>\n<meta property=\"og:title\" content=\"LENOVO V15 G3 82TT008PTX i5-1235U 16GB 512GB SSD O\/B Intel Iris Xe 15.6&quot; DOS Siyah Notebook\" \/>\n<meta property=\"og:description\" content=\"LENOVO V15 G3 82TT008PTX i5-1235U 16GB 512GB SSD O\/B Intel Iris Xe 15.6&quot; DOS Siyah Notebook\" \/>\n<meta property=\"og:url\" content=\"https:\/\/arzemteknoloji.com\/index.php\/urun\/lenovo-v15-g3-82tt008ptx-i5-1235u-16gb-512gb-ssd-o-b-intel-iris-xe-15-6-dos-siyah-notebook\/\" \/>\n<meta property=\"og:site_name\" content=\"Arzemteknoloji\" \/>\n<meta property=\"article:modified_time\" content=\"2024-05-14T07:46:44+00:00\" \/>\n<meta property=\"og:image\" content=\"https:\/\/arzemteknoloji.com\/wp-content\/uploads\/2024\/05\/1_org_zoom-1.webp\" \/>\n\t<meta property=\"og:image:width\" content=\"1200\" \/>\n\t<meta property=\"og:image:height\" content=\"1800\" \/>\n\t<meta property=\"og:image:type\" content=\"image\/webp\" \/>\n<meta name=\"twitter:card\" content=\"summary_large_image\" \/>\n<meta name=\"twitter:label1\" content=\"Tahmini okuma s\u00fcresi\" \/>\n\t<meta name=\"twitter:data1\" content=\"2 dakika\" \/>\n<script type=\"application\/ld+json\" class=\"yoast-schema-graph\">{\"@context\":\"https:\/\/schema.org\",\"@graph\":[{\"@type\":\"WebPage\",\"@id\":\"https:\/\/arzemteknoloji.com\/index.php\/urun\/lenovo-v15-g3-82tt008ptx-i5-1235u-16gb-512gb-ssd-o-b-intel-iris-xe-15-6-dos-siyah-notebook\/\",\"url\":\"https:\/\/arzemteknoloji.com\/index.php\/urun\/lenovo-v15-g3-82tt008ptx-i5-1235u-16gb-512gb-ssd-o-b-intel-iris-xe-15-6-dos-siyah-notebook\/\",\"name\":\"LENOVO V15 G3 82TT008PTX i5-1235U 16GB 512GB SSD O\/B Intel Iris Xe 15.6\\\" DOS Siyah Notebook - Arzemteknoloji\",\"isPartOf\":{\"@id\":\"https:\/\/arzemteknoloji.com\/#website\"},\"primaryImageOfPage\":{\"@id\":\"https:\/\/arzemteknoloji.com\/index.php\/urun\/lenovo-v15-g3-82tt008ptx-i5-1235u-16gb-512gb-ssd-o-b-intel-iris-xe-15-6-dos-siyah-notebook\/#primaryimage\"},\"image\":{\"@id\":\"https:\/\/arzemteknoloji.com\/index.php\/urun\/lenovo-v15-g3-82tt008ptx-i5-1235u-16gb-512gb-ssd-o-b-intel-iris-xe-15-6-dos-siyah-notebook\/#primaryimage\"},\"thumbnailUrl\":\"https:\/\/arzemteknoloji.com\/wp-content\/uploads\/2024\/05\/1_org_zoom-1.webp\",\"datePublished\":\"2024-05-14T08:59:19+00:00\",\"dateModified\":\"2024-05-14T07:46:44+00:00\",\"breadcrumb\":{\"@id\":\"https:\/\/arzemteknoloji.com\/index.php\/urun\/lenovo-v15-g3-82tt008ptx-i5-1235u-16gb-512gb-ssd-o-b-intel-iris-xe-15-6-dos-siyah-notebook\/#breadcrumb\"},\"inLanguage\":\"tr\",\"potentialAction\":[{\"@type\":\"ReadAction\",\"target\":[\"https:\/\/arzemteknoloji.com\/index.php\/urun\/lenovo-v15-g3-82tt008ptx-i5-1235u-16gb-512gb-ssd-o-b-intel-iris-xe-15-6-dos-siyah-notebook\/\"]}]},{\"@type\":\"ImageObject\",\"inLanguage\":\"tr\",\"@id\":\"https:\/\/arzemteknoloji.com\/index.php\/urun\/lenovo-v15-g3-82tt008ptx-i5-1235u-16gb-512gb-ssd-o-b-intel-iris-xe-15-6-dos-siyah-notebook\/#primaryimage\",\"url\":\"https:\/\/arzemteknoloji.com\/wp-content\/uploads\/2024\/05\/1_org_zoom-1.webp\",\"contentUrl\":\"https:\/\/arzemteknoloji.com\/wp-content\/uploads\/2024\/05\/1_org_zoom-1.webp\",\"width\":1200,\"height\":1800},{\"@type\":\"BreadcrumbList\",\"@id\":\"https:\/\/arzemteknoloji.com\/index.php\/urun\/lenovo-v15-g3-82tt008ptx-i5-1235u-16gb-512gb-ssd-o-b-intel-iris-xe-15-6-dos-siyah-notebook\/#breadcrumb\",\"itemListElement\":[{\"@type\":\"ListItem\",\"position\":1,\"name\":\"Anasayfa\",\"item\":\"https:\/\/arzemteknoloji.com\/\"},{\"@type\":\"ListItem\",\"position\":2,\"name\":\"Shop\",\"item\":\"https:\/\/arzemteknoloji.com\/index.php\/shop\/\"},{\"@type\":\"ListItem\",\"position\":3,\"name\":\"LENOVO V15 G3 82TT008PTX i5-1235U 16GB 512GB SSD O\/B Intel Iris Xe 15.6&#8243; DOS Siyah Notebook\"}]},{\"@type\":\"WebSite\",\"@id\":\"https:\/\/arzemteknoloji.com\/#website\",\"url\":\"https:\/\/arzemteknoloji.com\/\",\"name\":\"Arzemteknoloji\",\"description\":\"Teknolojideki Vazge\u00e7ilmeziniz\",\"potentialAction\":[{\"@type\":\"SearchAction\",\"target\":{\"@type\":\"EntryPoint\",\"urlTemplate\":\"https:\/\/arzemteknoloji.com\/?s={search_term_string}\"},\"query-input\":{\"@type\":\"PropertyValueSpecification\",\"valueRequired\":true,\"valueName\":\"search_term_string\"}}],\"inLanguage\":\"tr\"}]}<\/script>\n<!-- \/ Yoast SEO Premium plugin. -->","yoast_head_json":{"title":"LENOVO V15 G3 82TT008PTX i5-1235U 16GB 512GB SSD O\/B Intel Iris Xe 15.6\" DOS Siyah Notebook - Arzemteknoloji","robots":{"index":"noindex","follow":"follow","max-snippet":"max-snippet:-1","max-image-preview":"max-image-preview:large","max-video-preview":"max-video-preview:-1"},"og_locale":"tr_TR","og_type":"article","og_title":"LENOVO V15 G3 82TT008PTX i5-1235U 16GB 512GB SSD O\/B Intel Iris Xe 15.6\" DOS Siyah Notebook","og_description":"LENOVO V15 G3 82TT008PTX i5-1235U 16GB 512GB SSD O\/B Intel Iris Xe 15.6\" DOS Siyah Notebook","og_url":"https:\/\/arzemteknoloji.com\/index.php\/urun\/lenovo-v15-g3-82tt008ptx-i5-1235u-16gb-512gb-ssd-o-b-intel-iris-xe-15-6-dos-siyah-notebook\/","og_site_name":"Arzemteknoloji","article_modified_time":"2024-05-14T07:46:44+00:00","og_image":[{"width":1200,"height":1800,"url":"https:\/\/arzemteknoloji.com\/wp-content\/uploads\/2024\/05\/1_org_zoom-1.webp","type":"image\/webp"}],"twitter_card":"summary_large_image","twitter_misc":{"Tahmini okuma s\u00fcresi":"2 dakika"},"schema":{"@context":"https:\/\/schema.org","@graph":[{"@type":"WebPage","@id":"https:\/\/arzemteknoloji.com\/index.php\/urun\/lenovo-v15-g3-82tt008ptx-i5-1235u-16gb-512gb-ssd-o-b-intel-iris-xe-15-6-dos-siyah-notebook\/","url":"https:\/\/arzemteknoloji.com\/index.php\/urun\/lenovo-v15-g3-82tt008ptx-i5-1235u-16gb-512gb-ssd-o-b-intel-iris-xe-15-6-dos-siyah-notebook\/","name":"LENOVO V15 G3 82TT008PTX i5-1235U 16GB 512GB SSD O\/B Intel Iris Xe 15.6\" DOS Siyah Notebook - Arzemteknoloji","isPartOf":{"@id":"https:\/\/arzemteknoloji.com\/#website"},"primaryImageOfPage":{"@id":"https:\/\/arzemteknoloji.com\/index.php\/urun\/lenovo-v15-g3-82tt008ptx-i5-1235u-16gb-512gb-ssd-o-b-intel-iris-xe-15-6-dos-siyah-notebook\/#primaryimage"},"image":{"@id":"https:\/\/arzemteknoloji.com\/index.php\/urun\/lenovo-v15-g3-82tt008ptx-i5-1235u-16gb-512gb-ssd-o-b-intel-iris-xe-15-6-dos-siyah-notebook\/#primaryimage"},"thumbnailUrl":"https:\/\/arzemteknoloji.com\/wp-content\/uploads\/2024\/05\/1_org_zoom-1.webp","datePublished":"2024-05-14T08:59:19+00:00","dateModified":"2024-05-14T07:46:44+00:00","breadcrumb":{"@id":"https:\/\/arzemteknoloji.com\/index.php\/urun\/lenovo-v15-g3-82tt008ptx-i5-1235u-16gb-512gb-ssd-o-b-intel-iris-xe-15-6-dos-siyah-notebook\/#breadcrumb"},"inLanguage":"tr","potentialAction":[{"@type":"ReadAction","target":["https:\/\/arzemteknoloji.com\/index.php\/urun\/lenovo-v15-g3-82tt008ptx-i5-1235u-16gb-512gb-ssd-o-b-intel-iris-xe-15-6-dos-siyah-notebook\/"]}]},{"@type":"ImageObject","inLanguage":"tr","@id":"https:\/\/arzemteknoloji.com\/index.php\/urun\/lenovo-v15-g3-82tt008ptx-i5-1235u-16gb-512gb-ssd-o-b-intel-iris-xe-15-6-dos-siyah-notebook\/#primaryimage","url":"https:\/\/arzemteknoloji.com\/wp-content\/uploads\/2024\/05\/1_org_zoom-1.webp","contentUrl":"https:\/\/arzemteknoloji.com\/wp-content\/uploads\/2024\/05\/1_org_zoom-1.webp","width":1200,"height":1800},{"@type":"BreadcrumbList","@id":"https:\/\/arzemteknoloji.com\/index.php\/urun\/lenovo-v15-g3-82tt008ptx-i5-1235u-16gb-512gb-ssd-o-b-intel-iris-xe-15-6-dos-siyah-notebook\/#breadcrumb","itemListElement":[{"@type":"ListItem","position":1,"name":"Anasayfa","item":"https:\/\/arzemteknoloji.com\/"},{"@type":"ListItem","position":2,"name":"Shop","item":"https:\/\/arzemteknoloji.com\/index.php\/shop\/"},{"@type":"ListItem","position":3,"name":"LENOVO V15 G3 82TT008PTX i5-1235U 16GB 512GB SSD O\/B Intel Iris Xe 15.6&#8243; DOS Siyah Notebook"}]},{"@type":"WebSite","@id":"https:\/\/arzemteknoloji.com\/#website","url":"https:\/\/arzemteknoloji.com\/","name":"Arzemteknoloji","description":"Teknolojideki Vazge\u00e7ilmeziniz","potentialAction":[{"@type":"SearchAction","target":{"@type":"EntryPoint","urlTemplate":"https:\/\/arzemteknoloji.com\/?s={search_term_string}"},"query-input":{"@type":"PropertyValueSpecification","valueRequired":true,"valueName":"search_term_string"}}],"inLanguage":"tr"}]}},"jetpack_sharing_enabled":true,"_links":{"self":[{"href":"https:\/\/arzemteknoloji.com\/index.php\/wp-json\/wp\/v2\/product\/372"}],"collection":[{"href":"https:\/\/arzemteknoloji.com\/index.php\/wp-json\/wp\/v2\/product"}],"about":[{"href":"https:\/\/arzemteknoloji.com\/index.php\/wp-json\/wp\/v2\/types\/product"}],"replies":[{"embeddable":true,"href":"https:\/\/arzemteknoloji.com\/index.php\/wp-json\/wp\/v2\/comments?post=372"}],"version-history":[{"count":12,"href":"https:\/\/arzemteknoloji.com\/index.php\/wp-json\/wp\/v2\/product\/372\/revisions"}],"predecessor-version":[{"id":23894,"href":"https:\/\/arzemteknoloji.com\/index.php\/wp-json\/wp\/v2\/product\/372\/revisions\/23894"}],"wp:featuredmedia":[{"embeddable":true,"href":"https:\/\/arzemteknoloji.com\/index.php\/wp-json\/wp\/v2\/media\/23880"}],"wp:attachment":[{"href":"https:\/\/arzemteknoloji.com\/index.php\/wp-json\/wp\/v2\/media?parent=372"}],"wp:term":[{"taxonomy":"product_cat","embeddable":true,"href":"https:\/\/arzemteknoloji.com\/index.php\/wp-json\/wp\/v2\/product_cat?post=372"},{"taxonomy":"product_tag","embeddable":true,"href":"https:\/\/arzemteknoloji.com\/index.php\/wp-json\/wp\/v2\/product_tag?post=372"}],"curies":[{"name":"wp","href":"https:\/\/api.w.org\/{rel}","templated":true}]}}