{"id":381,"date":"2021-08-27T12:02:01","date_gmt":"2021-08-27T12:02:01","guid":{"rendered":"http:\/\/dummy.xtemos.com\/woodmart2\/elementor\/?post_type=product&#038;p=381"},"modified":"2025-11-13T13:05:44","modified_gmt":"2025-11-13T10:05:44","slug":"suncom-force-sc3-122-i5","status":"publish","type":"product","link":"https:\/\/arzemteknoloji.com\/index.php\/urun\/suncom-force-sc3-122-i5\/","title":{"rendered":"SUNCOM Force SC3-122 i5-4460 8GB 1TB SSD O\/B DOS Masa\u00fcst\u00fc PC Wi-Fi"},"content":{"rendered":"\t\t<div data-elementor-type=\"wp-post\" data-elementor-id=\"381\" class=\"elementor elementor-381\" data-elementor-post-type=\"product\">\n\t\t\t\t<div class=\"elementor-element elementor-element-2f0d357 e-flex e-con-boxed e-con e-parent\" data-id=\"2f0d357\" data-element_type=\"container\">\n\t\t\t\t\t<div class=\"e-con-inner\">\n\t\t\t\t<div class=\"elementor-element elementor-element-fbaa851 elementor-widget__width-initial elementor-widget elementor-widget-wd_text_block\" data-id=\"fbaa851\" data-element_type=\"widget\" data-widget_type=\"wd_text_block.default\">\n\t\t\t\t<div class=\"elementor-widget-container\">\n\t\t\t\t\t\t\t<div class=\"wd-text-block reset-last-child text-left\">\n\t\t\t\n\t\t\t<table class=\"table table-hover table-striped \"><tbody><tr><th class=\"px-4 px-xl-5 border-top-0\">\u0130\u015eLEMC\u0130<\/th><td class=\"border-top-0\">INTEL i5-4460<\/td><\/tr><tr><th class=\"px-4 px-xl-5 border-top-0\">ANAKART<\/th><td class=\"border-top-0\">INTEL H81<\/td><\/tr><tr><th class=\"px-4 px-xl-5 border-top-0\">RAM<\/th><td class=\"border-top-0\">8 GB DDR3 1600MHZ ( 2 SLOT MAKS 16GB)<\/td><\/tr><tr><th class=\"px-4 px-xl-5 border-top-0\">EKRAN KARTI<\/th><td class=\"border-top-0\">DAH\u0130L\u0130 EKRAN KARTI<\/td><\/tr><tr><th class=\"px-4 px-xl-5 border-top-0\">D\u0130SK<\/th><td class=\"border-top-0\">1 TB M2 NVMe SSD<\/td><\/tr><tr><th class=\"px-4 px-xl-5 border-top-0\">KASA + POWER<\/th><td class=\"border-top-0\">SUNCOM 300W KASA<\/td><\/tr><tr><th class=\"px-4 px-xl-5 border-top-0\">GEN\u0130\u015eLEME YUVALARI<\/th><td class=\"border-top-0\">1xPCI EX16 SLOT + 1x PCI EX1 SLOT<\/td><\/tr><tr><th class=\"px-4 px-xl-5 border-top-0\">DAH\u0130L\u0130 \u00c7IKI\u015eLAR<\/th><td class=\"border-top-0\">VGA + HDMI + 6xUSB 2.0 + 1x USB 3.0<\/td><\/tr><tr><th class=\"px-4 px-xl-5 border-top-0\">DAH\u0130L\u0130 \u00d6ZELL\u0130KLER<\/th><td class=\"border-top-0\">WIFI (USB) + GLAN + SES<\/td><\/tr><tr><th class=\"px-4 px-xl-5 border-top-0\">YAZILIM<\/th><td class=\"border-top-0\">FREEDOS<\/td><\/tr><tr><th class=\"px-4 px-xl-5 border-top-0\">KLAVYE MOUSE<\/th><td class=\"border-top-0\">SUNCOM T\u00dcRK\u00c7E Q KLAVYE MOUSE SET\u0130<\/td><\/tr><tr><th class=\"px-4 px-xl-5 border-top-0\">GARANT\u0130<\/th><td class=\"border-top-0\">2 YIL<\/td><\/tr><\/tbody><\/table>\n\t\t\t\t\t<\/div>\n\t\t\t\t\t\t<\/div>\n\t\t\t\t<\/div>\n\t\t\t\t\t<\/div>\n\t\t\t\t<\/div>\n\t\t\t\t<\/div>\n\t\t","protected":false},"excerpt":{"rendered":"<p>SUNCOM Force SC3-122 i5-4460 8GB 1TB SSD O\/B DOS Masa\u00fcst\u00fc PC Wi-Fi<\/p>\n","protected":false},"featured_media":23867,"comment_status":"open","ping_status":"closed","template":"","meta":[],"product_cat":[91,32],"product_tag":[101,100,102,99,87,86,80,88],"yoast_head":"<!-- This site is optimized with the Yoast SEO Premium plugin v22.1 (Yoast SEO v24.1) - https:\/\/yoast.com\/wordpress\/plugins\/seo\/ -->\n<title>SUNCOM Force SC3-122 i5-4460 8GB 1TB SSD O\/B DOS Masa\u00fcst\u00fc PC Wi-Fi - Arzemteknoloji<\/title>\n<meta name=\"robots\" content=\"noindex, follow, max-snippet:-1, max-image-preview:large, max-video-preview:-1\" \/>\n<meta property=\"og:locale\" content=\"tr_TR\" \/>\n<meta property=\"og:type\" content=\"article\" \/>\n<meta property=\"og:title\" content=\"SUNCOM Force SC3-122 i5-4460 8GB 1TB SSD O\/B DOS Masa\u00fcst\u00fc PC Wi-Fi\" \/>\n<meta property=\"og:description\" content=\"SUNCOM Force SC3-122 i5-4460 8GB 1TB SSD O\/B DOS Masa\u00fcst\u00fc PC Wi-Fi\" \/>\n<meta property=\"og:url\" content=\"https:\/\/arzemteknoloji.com\/index.php\/urun\/suncom-force-sc3-122-i5\/\" \/>\n<meta property=\"og:site_name\" content=\"Arzemteknoloji\" \/>\n<meta property=\"article:modified_time\" content=\"2025-11-13T10:05:44+00:00\" \/>\n<meta property=\"og:image\" content=\"https:\/\/arzemteknoloji.com\/wp-content\/uploads\/2021\/08\/suncom-5.jpg\" \/>\n\t<meta property=\"og:image:width\" content=\"646\" \/>\n\t<meta property=\"og:image:height\" content=\"600\" \/>\n\t<meta property=\"og:image:type\" content=\"image\/jpeg\" \/>\n<meta name=\"twitter:card\" content=\"summary_large_image\" \/>\n<meta name=\"twitter:label1\" content=\"Tahmini okuma s\u00fcresi\" \/>\n\t<meta name=\"twitter:data1\" content=\"1 dakika\" \/>\n<script type=\"application\/ld+json\" class=\"yoast-schema-graph\">{\"@context\":\"https:\/\/schema.org\",\"@graph\":[{\"@type\":\"WebPage\",\"@id\":\"https:\/\/arzemteknoloji.com\/index.php\/urun\/suncom-force-sc3-122-i5\/\",\"url\":\"https:\/\/arzemteknoloji.com\/index.php\/urun\/suncom-force-sc3-122-i5\/\",\"name\":\"SUNCOM Force SC3-122 i5-4460 8GB 1TB SSD O\/B DOS Masa\u00fcst\u00fc PC Wi-Fi - Arzemteknoloji\",\"isPartOf\":{\"@id\":\"https:\/\/arzemteknoloji.com\/#website\"},\"primaryImageOfPage\":{\"@id\":\"https:\/\/arzemteknoloji.com\/index.php\/urun\/suncom-force-sc3-122-i5\/#primaryimage\"},\"image\":{\"@id\":\"https:\/\/arzemteknoloji.com\/index.php\/urun\/suncom-force-sc3-122-i5\/#primaryimage\"},\"thumbnailUrl\":\"https:\/\/arzemteknoloji.com\/wp-content\/uploads\/2021\/08\/suncom-5.jpg\",\"datePublished\":\"2021-08-27T12:02:01+00:00\",\"dateModified\":\"2025-11-13T10:05:44+00:00\",\"breadcrumb\":{\"@id\":\"https:\/\/arzemteknoloji.com\/index.php\/urun\/suncom-force-sc3-122-i5\/#breadcrumb\"},\"inLanguage\":\"tr\",\"potentialAction\":[{\"@type\":\"ReadAction\",\"target\":[\"https:\/\/arzemteknoloji.com\/index.php\/urun\/suncom-force-sc3-122-i5\/\"]}]},{\"@type\":\"ImageObject\",\"inLanguage\":\"tr\",\"@id\":\"https:\/\/arzemteknoloji.com\/index.php\/urun\/suncom-force-sc3-122-i5\/#primaryimage\",\"url\":\"https:\/\/arzemteknoloji.com\/wp-content\/uploads\/2021\/08\/suncom-5.jpg\",\"contentUrl\":\"https:\/\/arzemteknoloji.com\/wp-content\/uploads\/2021\/08\/suncom-5.jpg\",\"width\":646,\"height\":600},{\"@type\":\"BreadcrumbList\",\"@id\":\"https:\/\/arzemteknoloji.com\/index.php\/urun\/suncom-force-sc3-122-i5\/#breadcrumb\",\"itemListElement\":[{\"@type\":\"ListItem\",\"position\":1,\"name\":\"Anasayfa\",\"item\":\"https:\/\/arzemteknoloji.com\/\"},{\"@type\":\"ListItem\",\"position\":2,\"name\":\"Shop\",\"item\":\"https:\/\/arzemteknoloji.com\/index.php\/shop\/\"},{\"@type\":\"ListItem\",\"position\":3,\"name\":\"SUNCOM Force SC3-122 i5-4460 8GB 1TB SSD O\/B DOS Masa\u00fcst\u00fc PC Wi-Fi\"}]},{\"@type\":\"WebSite\",\"@id\":\"https:\/\/arzemteknoloji.com\/#website\",\"url\":\"https:\/\/arzemteknoloji.com\/\",\"name\":\"Arzemteknoloji\",\"description\":\"Teknolojideki Vazge\u00e7ilmeziniz\",\"potentialAction\":[{\"@type\":\"SearchAction\",\"target\":{\"@type\":\"EntryPoint\",\"urlTemplate\":\"https:\/\/arzemteknoloji.com\/?s={search_term_string}\"},\"query-input\":{\"@type\":\"PropertyValueSpecification\",\"valueRequired\":true,\"valueName\":\"search_term_string\"}}],\"inLanguage\":\"tr\"}]}<\/script>\n<!-- \/ Yoast SEO Premium plugin. -->","yoast_head_json":{"title":"SUNCOM Force SC3-122 i5-4460 8GB 1TB SSD O\/B DOS Masa\u00fcst\u00fc PC Wi-Fi - Arzemteknoloji","robots":{"index":"noindex","follow":"follow","max-snippet":"max-snippet:-1","max-image-preview":"max-image-preview:large","max-video-preview":"max-video-preview:-1"},"og_locale":"tr_TR","og_type":"article","og_title":"SUNCOM Force SC3-122 i5-4460 8GB 1TB SSD O\/B DOS Masa\u00fcst\u00fc PC Wi-Fi","og_description":"SUNCOM Force SC3-122 i5-4460 8GB 1TB SSD O\/B DOS Masa\u00fcst\u00fc PC Wi-Fi","og_url":"https:\/\/arzemteknoloji.com\/index.php\/urun\/suncom-force-sc3-122-i5\/","og_site_name":"Arzemteknoloji","article_modified_time":"2025-11-13T10:05:44+00:00","og_image":[{"width":646,"height":600,"url":"https:\/\/arzemteknoloji.com\/wp-content\/uploads\/2021\/08\/suncom-5.jpg","type":"image\/jpeg"}],"twitter_card":"summary_large_image","twitter_misc":{"Tahmini okuma s\u00fcresi":"1 dakika"},"schema":{"@context":"https:\/\/schema.org","@graph":[{"@type":"WebPage","@id":"https:\/\/arzemteknoloji.com\/index.php\/urun\/suncom-force-sc3-122-i5\/","url":"https:\/\/arzemteknoloji.com\/index.php\/urun\/suncom-force-sc3-122-i5\/","name":"SUNCOM Force SC3-122 i5-4460 8GB 1TB SSD O\/B DOS Masa\u00fcst\u00fc PC Wi-Fi - Arzemteknoloji","isPartOf":{"@id":"https:\/\/arzemteknoloji.com\/#website"},"primaryImageOfPage":{"@id":"https:\/\/arzemteknoloji.com\/index.php\/urun\/suncom-force-sc3-122-i5\/#primaryimage"},"image":{"@id":"https:\/\/arzemteknoloji.com\/index.php\/urun\/suncom-force-sc3-122-i5\/#primaryimage"},"thumbnailUrl":"https:\/\/arzemteknoloji.com\/wp-content\/uploads\/2021\/08\/suncom-5.jpg","datePublished":"2021-08-27T12:02:01+00:00","dateModified":"2025-11-13T10:05:44+00:00","breadcrumb":{"@id":"https:\/\/arzemteknoloji.com\/index.php\/urun\/suncom-force-sc3-122-i5\/#breadcrumb"},"inLanguage":"tr","potentialAction":[{"@type":"ReadAction","target":["https:\/\/arzemteknoloji.com\/index.php\/urun\/suncom-force-sc3-122-i5\/"]}]},{"@type":"ImageObject","inLanguage":"tr","@id":"https:\/\/arzemteknoloji.com\/index.php\/urun\/suncom-force-sc3-122-i5\/#primaryimage","url":"https:\/\/arzemteknoloji.com\/wp-content\/uploads\/2021\/08\/suncom-5.jpg","contentUrl":"https:\/\/arzemteknoloji.com\/wp-content\/uploads\/2021\/08\/suncom-5.jpg","width":646,"height":600},{"@type":"BreadcrumbList","@id":"https:\/\/arzemteknoloji.com\/index.php\/urun\/suncom-force-sc3-122-i5\/#breadcrumb","itemListElement":[{"@type":"ListItem","position":1,"name":"Anasayfa","item":"https:\/\/arzemteknoloji.com\/"},{"@type":"ListItem","position":2,"name":"Shop","item":"https:\/\/arzemteknoloji.com\/index.php\/shop\/"},{"@type":"ListItem","position":3,"name":"SUNCOM Force SC3-122 i5-4460 8GB 1TB SSD O\/B DOS Masa\u00fcst\u00fc PC Wi-Fi"}]},{"@type":"WebSite","@id":"https:\/\/arzemteknoloji.com\/#website","url":"https:\/\/arzemteknoloji.com\/","name":"Arzemteknoloji","description":"Teknolojideki Vazge\u00e7ilmeziniz","potentialAction":[{"@type":"SearchAction","target":{"@type":"EntryPoint","urlTemplate":"https:\/\/arzemteknoloji.com\/?s={search_term_string}"},"query-input":{"@type":"PropertyValueSpecification","valueRequired":true,"valueName":"search_term_string"}}],"inLanguage":"tr"}]}},"jetpack_sharing_enabled":true,"_links":{"self":[{"href":"https:\/\/arzemteknoloji.com\/index.php\/wp-json\/wp\/v2\/product\/381"}],"collection":[{"href":"https:\/\/arzemteknoloji.com\/index.php\/wp-json\/wp\/v2\/product"}],"about":[{"href":"https:\/\/arzemteknoloji.com\/index.php\/wp-json\/wp\/v2\/types\/product"}],"replies":[{"embeddable":true,"href":"https:\/\/arzemteknoloji.com\/index.php\/wp-json\/wp\/v2\/comments?post=381"}],"version-history":[{"count":7,"href":"https:\/\/arzemteknoloji.com\/index.php\/wp-json\/wp\/v2\/product\/381\/revisions"}],"predecessor-version":[{"id":24031,"href":"https:\/\/arzemteknoloji.com\/index.php\/wp-json\/wp\/v2\/product\/381\/revisions\/24031"}],"wp:featuredmedia":[{"embeddable":true,"href":"https:\/\/arzemteknoloji.com\/index.php\/wp-json\/wp\/v2\/media\/23867"}],"wp:attachment":[{"href":"https:\/\/arzemteknoloji.com\/index.php\/wp-json\/wp\/v2\/media?parent=381"}],"wp:term":[{"taxonomy":"product_cat","embeddable":true,"href":"https:\/\/arzemteknoloji.com\/index.php\/wp-json\/wp\/v2\/product_cat?post=381"},{"taxonomy":"product_tag","embeddable":true,"href":"https:\/\/arzemteknoloji.com\/index.php\/wp-json\/wp\/v2\/product_tag?post=381"}],"curies":[{"name":"wp","href":"https:\/\/api.w.org\/{rel}","templated":true}]}}