{"id":411,"date":"2021-08-27T12:19:36","date_gmt":"2021-08-27T12:19:36","guid":{"rendered":"http:\/\/dummy.xtemos.com\/woodmart2\/elementor\/?post_type=product&#038;p=411"},"modified":"2025-11-13T12:58:29","modified_gmt":"2025-11-13T09:58:29","slug":"henectus-tincidunt","status":"publish","type":"product","link":"https:\/\/arzemteknoloji.com\/index.php\/urun\/henectus-tincidunt\/","title":{"rendered":"ZENON GAMING PRO ZG-114 i5-12400F 32GB 1TB SSD 12GB RTX3060 DOS Masa\u00fcst\u00fc PC (3 Y\u0131l Garanti) Wifi + BT"},"content":{"rendered":"\t\t<div data-elementor-type=\"wp-post\" data-elementor-id=\"411\" class=\"elementor elementor-411\" data-elementor-post-type=\"product\">\n\t\t\t\t<div class=\"elementor-element elementor-element-997cfae e-flex e-con-boxed e-con e-parent\" data-id=\"997cfae\" data-element_type=\"container\">\n\t\t\t\t\t<div class=\"e-con-inner\">\n\t\t<div class=\"elementor-element elementor-element-67d4c92 e-con-full e-flex e-con e-child\" data-id=\"67d4c92\" data-element_type=\"container\">\n\t\t\t\t<div class=\"elementor-element elementor-element-ebb40a2 elementor-widget elementor-widget-wd_text_block\" data-id=\"ebb40a2\" data-element_type=\"widget\" data-widget_type=\"wd_text_block.default\">\n\t\t\t\t<div class=\"elementor-widget-container\">\n\t\t\t\t\t\t\t<div class=\"wd-text-block reset-last-child text-left\">\n\t\t\t\n\t\t\t<table class=\"table table-hover table-striped \"><tbody><tr><th class=\"px-4 px-xl-5 border-top-0\">\u0130\u015eLEMC\u0130<\/th><td class=\"border-top-0\">INTEL i5-12400F<\/td><\/tr><tr><th class=\"px-4 px-xl-5 border-top-0\">So\u011futma<\/th><td class=\"border-top-0\">120mm. Cpu S\u0131v\u0131 So\u011futma<\/td><\/tr><tr><th class=\"px-4 px-xl-5 border-top-0\">ANAKART<\/th><td class=\"border-top-0\">INTEL B660<\/td><\/tr><tr><th class=\"px-4 px-xl-5 border-top-0\">RAM<\/th><td class=\"border-top-0\">32 GB 3600 MHZ DDR4 SO\u011eUTUCULU ( 4 SLOT MAKS 192GB)<\/td><\/tr><tr><th class=\"px-4 px-xl-5 border-top-0\">EKRAN KARTI<\/th><td class=\"border-top-0\">12 GB RTX3060 128B\u0130T 3 FANLI (3xDP 1xHDMI)<\/td><\/tr><tr><th class=\"px-4 px-xl-5 border-top-0\">D\u0130SK<\/th><td class=\"border-top-0\">1 TB M2 NVMe SSD (7400\/6400MB\/s)<\/td><\/tr><tr><th class=\"px-4 px-xl-5 border-top-0\">KASA + POWER<\/th><td class=\"border-top-0\">ZENON 4*120mm F\u0130X RGB FAN 650W 80+<\/td><\/tr><tr><th class=\"px-4 px-xl-5 border-top-0\">GEN\u0130\u015eLEME YUVALARI<\/th><td class=\"border-top-0\">5xPCI EX16 SLOT + 2xM.2 SLOT<\/td><\/tr><tr><th class=\"px-4 px-xl-5 border-top-0\">DAH\u0130L\u0130 \u00c7IKI\u015eLAR<\/th><td class=\"border-top-0\">8xUSB + TYPE-C +2.5GLAN + SES<\/td><\/tr><tr><th class=\"px-4 px-xl-5 border-top-0\">DAH\u0130L\u0130 \u00d6ZELL\u0130KLER<\/th><td class=\"border-top-0\">WIFI6E + BLUETOOTH 5<\/td><\/tr><tr><th class=\"px-4 px-xl-5 border-top-0\">YAZILIM<\/th><td class=\"border-top-0\">FREEDOS<\/td><\/tr><tr><th class=\"px-4 px-xl-5 border-top-0\">KLAVYE MOUSE<\/th><td class=\"border-top-0\">YOK<\/td><\/tr><tr><th class=\"px-4 px-xl-5 border-top-0\">GARANT\u0130<\/th><td class=\"border-top-0\">3 YIL<\/td><\/tr><tr><th class=\"px-4 px-xl-5 border-top-0\">D\u0130\u011eER<\/th><td class=\"border-top-0\">VGA KART KARGODA HASAR G\u00d6RMEMES\u0130 \u0130\u00c7\u0130N DEMONTE OLARAK G\u00d6NDER\u0130LMEKTD\u0130R.<\/td><\/tr><\/tbody><\/table>\n\t\t\t\t\t<\/div>\n\t\t\t\t\t\t<\/div>\n\t\t\t\t<\/div>\n\t\t\t\t<\/div>\n\t\t<div class=\"elementor-element elementor-element-6ef8290 e-con-full e-flex e-con e-child\" data-id=\"6ef8290\" data-element_type=\"container\">\n\t\t\t\t<div class=\"elementor-element elementor-element-b39b441 elementor-widget elementor-widget-wd_text_block\" data-id=\"b39b441\" data-element_type=\"widget\" data-widget_type=\"wd_text_block.default\">\n\t\t\t\t<div class=\"elementor-widget-container\">\n\t\t\t\t\t\t\t<div class=\"wd-text-block reset-last-child text-left\">\n\t\t\t\n\t\t\t<h4>FEUGIAT PARTURIENT<\/h4><p>Model's height: 4'2.2\u201d\/184 cm<br \/>Model is wearing: Size\u00a0Large<\/p><h4><strong>ALIQUET<\/strong><\/h4><p>Quam suspendisse adipiscing quis pretium nostra cubilia tristique nam non ac placerat nascetur a vel.<\/p><h4><strong>CURABITUR VELIT<\/strong><\/h4><p>Main: 76% Polyester, 24% Elastane.<\/p>\n\t\t\t\t\t<\/div>\n\t\t\t\t\t\t<\/div>\n\t\t\t\t<\/div>\n\t\t\t\t<\/div>\n\t\t\t\t\t<\/div>\n\t\t\t\t<\/div>\n\t\t\t\t<\/div>\n\t\t","protected":false},"excerpt":{"rendered":"<p>ZENON GAMING PRO ZG-114 i5-12400F 32GB 1TB SSD 12GB RTX3060 DOS Masa\u00fcst\u00fc PC (3 Y\u0131l Garanti) Wifi + BT<\/p>\n","protected":false},"featured_media":23809,"comment_status":"open","ping_status":"closed","template":"","meta":[],"product_cat":[28],"product_tag":[75,78,72,74,73,77,76,79,71],"yoast_head":"<!-- This site is optimized with the Yoast SEO Premium plugin v22.1 (Yoast SEO v24.1) - https:\/\/yoast.com\/wordpress\/plugins\/seo\/ -->\n<title>ZENON GAMING PRO ZG-114 i5-12400F 32GB 1TB SSD 12GB RTX3060 DOS Masa\u00fcst\u00fc PC (3 Y\u0131l Garanti) Wifi + BT - Arzemteknoloji<\/title>\n<meta name=\"robots\" content=\"noindex, follow, max-snippet:-1, max-image-preview:large, max-video-preview:-1\" \/>\n<meta property=\"og:locale\" content=\"tr_TR\" \/>\n<meta property=\"og:type\" content=\"article\" \/>\n<meta property=\"og:title\" content=\"ZENON GAMING PRO ZG-114 i5-12400F 32GB 1TB SSD 12GB RTX3060 DOS Masa\u00fcst\u00fc PC (3 Y\u0131l Garanti) Wifi + BT\" \/>\n<meta property=\"og:description\" content=\"ZENON GAMING PRO ZG-114 i5-12400F 32GB 1TB SSD 12GB RTX3060 DOS Masa\u00fcst\u00fc PC (3 Y\u0131l Garanti) Wifi + BT\" \/>\n<meta property=\"og:url\" content=\"https:\/\/arzemteknoloji.com\/index.php\/urun\/henectus-tincidunt\/\" \/>\n<meta property=\"og:site_name\" content=\"Arzemteknoloji\" \/>\n<meta property=\"article:modified_time\" content=\"2025-11-13T09:58:29+00:00\" \/>\n<meta property=\"og:image\" content=\"https:\/\/arzemteknoloji.com\/wp-content\/uploads\/2021\/08\/zenon-1-997x800.jpg\" \/>\n\t<meta property=\"og:image:width\" content=\"997\" \/>\n\t<meta property=\"og:image:height\" content=\"800\" \/>\n\t<meta property=\"og:image:type\" content=\"image\/jpeg\" \/>\n<meta name=\"twitter:card\" content=\"summary_large_image\" \/>\n<meta name=\"twitter:label1\" content=\"Tahmini okuma s\u00fcresi\" \/>\n\t<meta name=\"twitter:data1\" content=\"1 dakika\" \/>\n<script type=\"application\/ld+json\" class=\"yoast-schema-graph\">{\"@context\":\"https:\/\/schema.org\",\"@graph\":[{\"@type\":\"WebPage\",\"@id\":\"https:\/\/arzemteknoloji.com\/index.php\/urun\/henectus-tincidunt\/\",\"url\":\"https:\/\/arzemteknoloji.com\/index.php\/urun\/henectus-tincidunt\/\",\"name\":\"ZENON GAMING PRO ZG-114 i5-12400F 32GB 1TB SSD 12GB RTX3060 DOS Masa\u00fcst\u00fc PC (3 Y\u0131l Garanti) Wifi + BT - Arzemteknoloji\",\"isPartOf\":{\"@id\":\"https:\/\/arzemteknoloji.com\/#website\"},\"primaryImageOfPage\":{\"@id\":\"https:\/\/arzemteknoloji.com\/index.php\/urun\/henectus-tincidunt\/#primaryimage\"},\"image\":{\"@id\":\"https:\/\/arzemteknoloji.com\/index.php\/urun\/henectus-tincidunt\/#primaryimage\"},\"thumbnailUrl\":\"https:\/\/arzemteknoloji.com\/wp-content\/uploads\/2021\/08\/zenon-1.jpg\",\"datePublished\":\"2021-08-27T12:19:36+00:00\",\"dateModified\":\"2025-11-13T09:58:29+00:00\",\"breadcrumb\":{\"@id\":\"https:\/\/arzemteknoloji.com\/index.php\/urun\/henectus-tincidunt\/#breadcrumb\"},\"inLanguage\":\"tr\",\"potentialAction\":[{\"@type\":\"ReadAction\",\"target\":[\"https:\/\/arzemteknoloji.com\/index.php\/urun\/henectus-tincidunt\/\"]}]},{\"@type\":\"ImageObject\",\"inLanguage\":\"tr\",\"@id\":\"https:\/\/arzemteknoloji.com\/index.php\/urun\/henectus-tincidunt\/#primaryimage\",\"url\":\"https:\/\/arzemteknoloji.com\/wp-content\/uploads\/2021\/08\/zenon-1.jpg\",\"contentUrl\":\"https:\/\/arzemteknoloji.com\/wp-content\/uploads\/2021\/08\/zenon-1.jpg\",\"width\":2277,\"height\":1827},{\"@type\":\"BreadcrumbList\",\"@id\":\"https:\/\/arzemteknoloji.com\/index.php\/urun\/henectus-tincidunt\/#breadcrumb\",\"itemListElement\":[{\"@type\":\"ListItem\",\"position\":1,\"name\":\"Anasayfa\",\"item\":\"https:\/\/arzemteknoloji.com\/\"},{\"@type\":\"ListItem\",\"position\":2,\"name\":\"Shop\",\"item\":\"https:\/\/arzemteknoloji.com\/index.php\/shop\/\"},{\"@type\":\"ListItem\",\"position\":3,\"name\":\"ZENON GAMING PRO ZG-114 i5-12400F 32GB 1TB SSD 12GB RTX3060 DOS Masa\u00fcst\u00fc PC (3 Y\u0131l Garanti) Wifi + BT\"}]},{\"@type\":\"WebSite\",\"@id\":\"https:\/\/arzemteknoloji.com\/#website\",\"url\":\"https:\/\/arzemteknoloji.com\/\",\"name\":\"Arzemteknoloji\",\"description\":\"Teknolojideki Vazge\u00e7ilmeziniz\",\"potentialAction\":[{\"@type\":\"SearchAction\",\"target\":{\"@type\":\"EntryPoint\",\"urlTemplate\":\"https:\/\/arzemteknoloji.com\/?s={search_term_string}\"},\"query-input\":{\"@type\":\"PropertyValueSpecification\",\"valueRequired\":true,\"valueName\":\"search_term_string\"}}],\"inLanguage\":\"tr\"}]}<\/script>\n<!-- \/ Yoast SEO Premium plugin. -->","yoast_head_json":{"title":"ZENON GAMING PRO ZG-114 i5-12400F 32GB 1TB SSD 12GB RTX3060 DOS Masa\u00fcst\u00fc PC (3 Y\u0131l Garanti) Wifi + BT - Arzemteknoloji","robots":{"index":"noindex","follow":"follow","max-snippet":"max-snippet:-1","max-image-preview":"max-image-preview:large","max-video-preview":"max-video-preview:-1"},"og_locale":"tr_TR","og_type":"article","og_title":"ZENON GAMING PRO ZG-114 i5-12400F 32GB 1TB SSD 12GB RTX3060 DOS Masa\u00fcst\u00fc PC (3 Y\u0131l Garanti) Wifi + BT","og_description":"ZENON GAMING PRO ZG-114 i5-12400F 32GB 1TB SSD 12GB RTX3060 DOS Masa\u00fcst\u00fc PC (3 Y\u0131l Garanti) Wifi + BT","og_url":"https:\/\/arzemteknoloji.com\/index.php\/urun\/henectus-tincidunt\/","og_site_name":"Arzemteknoloji","article_modified_time":"2025-11-13T09:58:29+00:00","og_image":[{"width":997,"height":800,"url":"https:\/\/arzemteknoloji.com\/wp-content\/uploads\/2021\/08\/zenon-1-997x800.jpg","type":"image\/jpeg"}],"twitter_card":"summary_large_image","twitter_misc":{"Tahmini okuma s\u00fcresi":"1 dakika"},"schema":{"@context":"https:\/\/schema.org","@graph":[{"@type":"WebPage","@id":"https:\/\/arzemteknoloji.com\/index.php\/urun\/henectus-tincidunt\/","url":"https:\/\/arzemteknoloji.com\/index.php\/urun\/henectus-tincidunt\/","name":"ZENON GAMING PRO ZG-114 i5-12400F 32GB 1TB SSD 12GB RTX3060 DOS Masa\u00fcst\u00fc PC (3 Y\u0131l Garanti) Wifi + BT - Arzemteknoloji","isPartOf":{"@id":"https:\/\/arzemteknoloji.com\/#website"},"primaryImageOfPage":{"@id":"https:\/\/arzemteknoloji.com\/index.php\/urun\/henectus-tincidunt\/#primaryimage"},"image":{"@id":"https:\/\/arzemteknoloji.com\/index.php\/urun\/henectus-tincidunt\/#primaryimage"},"thumbnailUrl":"https:\/\/arzemteknoloji.com\/wp-content\/uploads\/2021\/08\/zenon-1.jpg","datePublished":"2021-08-27T12:19:36+00:00","dateModified":"2025-11-13T09:58:29+00:00","breadcrumb":{"@id":"https:\/\/arzemteknoloji.com\/index.php\/urun\/henectus-tincidunt\/#breadcrumb"},"inLanguage":"tr","potentialAction":[{"@type":"ReadAction","target":["https:\/\/arzemteknoloji.com\/index.php\/urun\/henectus-tincidunt\/"]}]},{"@type":"ImageObject","inLanguage":"tr","@id":"https:\/\/arzemteknoloji.com\/index.php\/urun\/henectus-tincidunt\/#primaryimage","url":"https:\/\/arzemteknoloji.com\/wp-content\/uploads\/2021\/08\/zenon-1.jpg","contentUrl":"https:\/\/arzemteknoloji.com\/wp-content\/uploads\/2021\/08\/zenon-1.jpg","width":2277,"height":1827},{"@type":"BreadcrumbList","@id":"https:\/\/arzemteknoloji.com\/index.php\/urun\/henectus-tincidunt\/#breadcrumb","itemListElement":[{"@type":"ListItem","position":1,"name":"Anasayfa","item":"https:\/\/arzemteknoloji.com\/"},{"@type":"ListItem","position":2,"name":"Shop","item":"https:\/\/arzemteknoloji.com\/index.php\/shop\/"},{"@type":"ListItem","position":3,"name":"ZENON GAMING PRO ZG-114 i5-12400F 32GB 1TB SSD 12GB RTX3060 DOS Masa\u00fcst\u00fc PC (3 Y\u0131l Garanti) Wifi + BT"}]},{"@type":"WebSite","@id":"https:\/\/arzemteknoloji.com\/#website","url":"https:\/\/arzemteknoloji.com\/","name":"Arzemteknoloji","description":"Teknolojideki Vazge\u00e7ilmeziniz","potentialAction":[{"@type":"SearchAction","target":{"@type":"EntryPoint","urlTemplate":"https:\/\/arzemteknoloji.com\/?s={search_term_string}"},"query-input":{"@type":"PropertyValueSpecification","valueRequired":true,"valueName":"search_term_string"}}],"inLanguage":"tr"}]}},"jetpack_sharing_enabled":true,"_links":{"self":[{"href":"https:\/\/arzemteknoloji.com\/index.php\/wp-json\/wp\/v2\/product\/411"}],"collection":[{"href":"https:\/\/arzemteknoloji.com\/index.php\/wp-json\/wp\/v2\/product"}],"about":[{"href":"https:\/\/arzemteknoloji.com\/index.php\/wp-json\/wp\/v2\/types\/product"}],"replies":[{"embeddable":true,"href":"https:\/\/arzemteknoloji.com\/index.php\/wp-json\/wp\/v2\/comments?post=411"}],"version-history":[{"count":5,"href":"https:\/\/arzemteknoloji.com\/index.php\/wp-json\/wp\/v2\/product\/411\/revisions"}],"predecessor-version":[{"id":23850,"href":"https:\/\/arzemteknoloji.com\/index.php\/wp-json\/wp\/v2\/product\/411\/revisions\/23850"}],"wp:featuredmedia":[{"embeddable":true,"href":"https:\/\/arzemteknoloji.com\/index.php\/wp-json\/wp\/v2\/media\/23809"}],"wp:attachment":[{"href":"https:\/\/arzemteknoloji.com\/index.php\/wp-json\/wp\/v2\/media?parent=411"}],"wp:term":[{"taxonomy":"product_cat","embeddable":true,"href":"https:\/\/arzemteknoloji.com\/index.php\/wp-json\/wp\/v2\/product_cat?post=411"},{"taxonomy":"product_tag","embeddable":true,"href":"https:\/\/arzemteknoloji.com\/index.php\/wp-json\/wp\/v2\/product_tag?post=411"}],"curies":[{"name":"wp","href":"https:\/\/api.w.org\/{rel}","templated":true}]}}